{"id":1184,"date":"2018-11-13T22:41:40","date_gmt":"2018-11-13T22:41:40","guid":{"rendered":"http:\/\/successevents.nl\/success-team\/"},"modified":"2019-01-15T20:43:44","modified_gmt":"2019-01-15T19:43:44","slug":"success-team","status":"publish","type":"page","link":"https:\/\/successevents.nl\/de\/success-team\/","title":{"rendered":"Success Team"},"content":{"rendered":"<div id='av_section_1'  class='avia-section av-bo42g5-d4eeb0fd61675366fc79fb4a0a110da1 main_color avia-section-large avia-no-border-styling  avia-builder-el-0  avia-builder-el-no-sibling  avia-bg-style-scroll container_wrap sidebar_right'  ><div class='container av-section-cont-open' ><main  role=\"main\" itemprop=\"mainContentOfPage\"  class='template-page content  av-content-small alpha units'><div class='post-entry post-entry-type-page post-entry-1184'><div class='entry-content-wrapper clearfix'>\n\n<style type=\"text\/css\" data-created_by=\"avia_inline_auto\" id=\"style-css-av-av_heading-29fdfe471f35b54b74fb5db04d7cd4ae\">\n#top .av-special-heading.av-av_heading-29fdfe471f35b54b74fb5db04d7cd4ae{\npadding-bottom:30px;\nfont-size:70px;\n}\nbody .av-special-heading.av-av_heading-29fdfe471f35b54b74fb5db04d7cd4ae .av-special-heading-tag .heading-char{\nfont-size:25px;\n}\n#top #wrap_all .av-special-heading.av-av_heading-29fdfe471f35b54b74fb5db04d7cd4ae .av-special-heading-tag{\nfont-size:70px;\n}\n.av-special-heading.av-av_heading-29fdfe471f35b54b74fb5db04d7cd4ae .av-subheading{\nfont-size:15px;\n}\n\n@media only screen and (min-width: 480px) and (max-width: 767px){ \n#top #wrap_all .av-special-heading.av-av_heading-29fdfe471f35b54b74fb5db04d7cd4ae .av-special-heading-tag{\nfont-size:0.8em;\n}\n}\n\n@media only screen and (max-width: 479px){ \n#top #wrap_all .av-special-heading.av-av_heading-29fdfe471f35b54b74fb5db04d7cd4ae .av-special-heading-tag{\nfont-size:0.8em;\n}\n}\n<\/style>\n<div  class='av-special-heading av-av_heading-29fdfe471f35b54b74fb5db04d7cd4ae av-special-heading-h1 blockquote modern-quote  avia-builder-el-1  el_before_av_one_full  avia-builder-el-first  av-thin-font av-inherit-size'><h1 class='av-special-heading-tag'  itemprop=\"headline\"  >Success Team<strong>.<\/strong><\/h1><div class=\"special-heading-border\"><div class=\"special-heading-inner-border\"><\/div><\/div><\/div>\n\n<style type=\"text\/css\" data-created_by=\"avia_inline_auto\" id=\"style-css-av-bbyzvp-6614733dd4728aea89e8b09f03f4f23b\">\n.flex_column.av-bbyzvp-6614733dd4728aea89e8b09f03f4f23b{\nborder-radius:0px 0px 0px 0px;\npadding:0px 0px 0px 0px;\n}\n<\/style>\n<div  class='flex_column av-bbyzvp-6614733dd4728aea89e8b09f03f4f23b av_one_full  avia-builder-el-2  el_after_av_heading  el_before_av_hr  first flex_column_div av-zero-column-padding  '     ><section  class='av_textblock_section av-b4xptp-51a3155dbf61972e8f99a633b42ba087 '   itemscope=\"itemscope\" itemtype=\"https:\/\/schema.org\/CreativeWork\" ><div class='avia_textblock'  itemprop=\"text\" ><p><strong>Ihr Erfolg ist unser Erflog!<\/strong><\/p>\n<p>Wir bieten Ihnen eine Qualit\u00e4t und ein hohes Serviceniveau; ein besonderes Event und eine erfolgreiche Erfahrung. Unsere Kreativit\u00e4t, originelle Herangehensweise und Hingabe machen uns aus. Von uns k\u00f6nnen Sie etwas Besonderes und nur das Beste erwarten.<\/p>\n<div id=\"ConnectiveDocSignExtentionInstalled\" data-extension-version=\"1.0.4\"><\/div>\n<div id=\"ConnectiveDocSignExtentionInstalled\" data-extension-version=\"1.0.4\"><\/div>\n<\/div><\/section><\/div><div  class='hr av-8budp-36a18fdcef5acf9a2053653f18b3bb16 hr-default  avia-builder-el-4  el_after_av_one_full  el_before_av_one_third '><span class='hr-inner '><span class=\"hr-inner-style\"><\/span><\/span><\/div>\n\n<style type=\"text\/css\" data-created_by=\"avia_inline_auto\" id=\"style-css-av-bbyzvp-6614733dd4728aea89e8b09f03f4f23b\">\n.flex_column.av-bbyzvp-6614733dd4728aea89e8b09f03f4f23b{\nborder-radius:0px 0px 0px 0px;\npadding:0px 0px 0px 0px;\n}\n<\/style>\n<div  class='flex_column av-bbyzvp-6614733dd4728aea89e8b09f03f4f23b av_one_third  avia-builder-el-5  el_after_av_hr  el_before_av_one_third  first flex_column_div av-zero-column-padding  '     ><section  class='avia-team-member av-jmgkqa7x-cfd904852e875432fa5ca02bdebe829b  avia-builder-el-6  avia-builder-el-no-sibling '  itemscope=\"itemscope\" itemtype=\"https:\/\/schema.org\/Person\" ><div class=\"team-img-container\"><img decoding=\"async\" class='wp-image-1439 avia-img-lazy-loading-not-1439 avia_image avia_image_team' src=\"https:\/\/successevents.nl\/wp-content\/uploads\/2018\/10\/Philippe.png\" alt='Philippe Kroes'  itemprop=\"image\"   height=\"300\" width=\"279\" \/><\/div><h3 class='team-member-name '  itemprop=\"name\" >Philippe Kroes<\/h3><div class='team-member-job-title '  itemprop=\"jobTitle\" >Owner \/ Managing Director<\/div><div class='team-member-description '  itemprop=\"description\" ><p><a href=\"mailto:philippe@successevents.nl\">philippe@successevents.nl<\/a><\/p>\n<\/div><span class='hidden team-member-affiliation'  itemprop=\"affiliation\" >Success Events<\/span><\/section><\/div>\n<style type=\"text\/css\" data-created_by=\"avia_inline_auto\" id=\"style-css-av-bbyzvp-90f96768ebf07512aedb6f63d480d11f\">\n.flex_column.av-bbyzvp-90f96768ebf07512aedb6f63d480d11f{\nborder-radius:0px 0px 0px 0px;\npadding:0px 0px 0px 0px;\n}\n<\/style>\n<div  class='flex_column av-bbyzvp-90f96768ebf07512aedb6f63d480d11f av_one_third  avia-builder-el-7  el_after_av_one_third  el_before_av_hr  flex_column_div av-zero-column-padding  '     ><section  class='avia-team-member av-jmgkqa7x-93e559d399aee37acc5f61a542c01f00  avia-builder-el-8  avia-builder-el-no-sibling '  itemscope=\"itemscope\" itemtype=\"https:\/\/schema.org\/Person\" ><div class=\"team-img-container\"><img decoding=\"async\" class='wp-image-1437 avia-img-lazy-loading-not-1437 avia_image avia_image_team' src=\"https:\/\/successevents.nl\/wp-content\/uploads\/2018\/10\/Hans.png\" alt='Hans Tholenaar'  itemprop=\"image\"   height=\"294\" width=\"269\" \/><\/div><h3 class='team-member-name '  itemprop=\"name\" >Hans Tholenaar<\/h3><div class='team-member-job-title '  itemprop=\"jobTitle\" >Owner \/ Financial Director<\/div><div class='team-member-description '  itemprop=\"description\" ><p><a href=\"mailto:hans@successevents.nl\">hans@successevents.nl<\/a><\/p>\n<\/div><span class='hidden team-member-affiliation'  itemprop=\"affiliation\" >Success Events<\/span><\/section><\/div><div  class='hr av-8budp-36a18fdcef5acf9a2053653f18b3bb16 hr-default  avia-builder-el-9  el_after_av_one_third  avia-builder-el-last '><span class='hr-inner '><span class=\"hr-inner-style\"><\/span><\/span><\/div>\n<\/div><\/div><\/main><!-- close content main element --><\/div><\/div><div id='after_section_1'  class='main_color av_default_container_wrap container_wrap sidebar_right'  ><div class='container av-section-cont-open' ><div class='template-page content  av-content-small alpha units'><div class='post-entry post-entry-type-page post-entry-1184'><div class='entry-content-wrapper clearfix'>\n","protected":false},"excerpt":{"rendered":"","protected":false},"author":1,"featured_media":0,"parent":0,"menu_order":0,"comment_status":"closed","ping_status":"closed","template":"","meta":{"footnotes":""},"_links":{"self":[{"href":"https:\/\/successevents.nl\/de\/wp-json\/wp\/v2\/pages\/1184"}],"collection":[{"href":"https:\/\/successevents.nl\/de\/wp-json\/wp\/v2\/pages"}],"about":[{"href":"https:\/\/successevents.nl\/de\/wp-json\/wp\/v2\/types\/page"}],"author":[{"embeddable":true,"href":"https:\/\/successevents.nl\/de\/wp-json\/wp\/v2\/users\/1"}],"replies":[{"embeddable":true,"href":"https:\/\/successevents.nl\/de\/wp-json\/wp\/v2\/comments?post=1184"}],"version-history":[{"count":3,"href":"https:\/\/successevents.nl\/de\/wp-json\/wp\/v2\/pages\/1184\/revisions"}],"predecessor-version":[{"id":1629,"href":"https:\/\/successevents.nl\/de\/wp-json\/wp\/v2\/pages\/1184\/revisions\/1629"}],"wp:attachment":[{"href":"https:\/\/successevents.nl\/de\/wp-json\/wp\/v2\/media?parent=1184"}],"curies":[{"name":"wp","href":"https:\/\/api.w.org\/{rel}","templated":true}]}}