{"id":1187,"date":"2018-11-13T22:41:06","date_gmt":"2018-11-13T22:41:06","guid":{"rendered":"http:\/\/successevents.nl\/our-success-factors\/"},"modified":"2019-01-15T20:44:21","modified_gmt":"2019-01-15T19:44:21","slug":"unsere-erfolgsaspekte","status":"publish","type":"page","link":"https:\/\/successevents.nl\/de\/unsere-erfolgsaspekte\/","title":{"rendered":"Unsere Erfolgsaspekte"},"content":{"rendered":"<div id='av_section_1'  class='avia-section av-3dkmaw-aeba63c56d1189dc4b7a945ea6c0b955 main_color avia-section-large avia-no-border-styling  avia-builder-el-0  el_before_av_layout_row  avia-builder-el-first  avia-bg-style-scroll container_wrap sidebar_right'  ><div class='container av-section-cont-open' ><main  role=\"main\" itemprop=\"mainContentOfPage\"  class='template-page content  av-content-small alpha units'><div class='post-entry post-entry-type-page post-entry-1187'><div class='entry-content-wrapper clearfix'>\n\n<style type=\"text\/css\" data-created_by=\"avia_inline_auto\" id=\"style-css-av-av_heading-5d1ac84bd0014b6e551f258e56cfc95c\">\n#top .av-special-heading.av-av_heading-5d1ac84bd0014b6e551f258e56cfc95c{\npadding-bottom:30px;\nfont-size:70px;\n}\nbody .av-special-heading.av-av_heading-5d1ac84bd0014b6e551f258e56cfc95c .av-special-heading-tag .heading-char{\nfont-size:25px;\n}\n#top #wrap_all .av-special-heading.av-av_heading-5d1ac84bd0014b6e551f258e56cfc95c .av-special-heading-tag{\nfont-size:70px;\n}\n.av-special-heading.av-av_heading-5d1ac84bd0014b6e551f258e56cfc95c .av-subheading{\nfont-size:15px;\n}\n\n@media only screen and (min-width: 480px) and (max-width: 767px){ \n#top #wrap_all .av-special-heading.av-av_heading-5d1ac84bd0014b6e551f258e56cfc95c .av-special-heading-tag{\nfont-size:0.8em;\n}\n}\n\n@media only screen and (max-width: 479px){ \n#top #wrap_all .av-special-heading.av-av_heading-5d1ac84bd0014b6e551f258e56cfc95c .av-special-heading-tag{\nfont-size:0.8em;\n}\n}\n<\/style>\n<div  class='av-special-heading av-av_heading-5d1ac84bd0014b6e551f258e56cfc95c av-special-heading-h1 blockquote modern-quote  avia-builder-el-1  el_before_av_one_full  avia-builder-el-first  av-thin-font av-inherit-size'><h1 class='av-special-heading-tag'  itemprop=\"headline\"  >Unsere Erfolgsaspekte<strong>.<\/strong><\/h1><div class=\"special-heading-border\"><div class=\"special-heading-inner-border\"><\/div><\/div><\/div>\n\n<style type=\"text\/css\" data-created_by=\"avia_inline_auto\" id=\"style-css-av-32pqjk-4f91fcad5b3e690073d0f848fa3b1b37\">\n.flex_column.av-32pqjk-4f91fcad5b3e690073d0f848fa3b1b37{\nborder-radius:0px 0px 0px 0px;\npadding:0px 0px 0px 0px;\n}\n<\/style>\n<div  class='flex_column av-32pqjk-4f91fcad5b3e690073d0f848fa3b1b37 av_one_full  avia-builder-el-2  el_after_av_heading  avia-builder-el-last  first flex_column_div av-zero-column-padding  '     ><section  class='av_textblock_section av-2vfiq8-d76528ca40bab965c88390497553d04c '   itemscope=\"itemscope\" itemtype=\"https:\/\/schema.org\/CreativeWork\" ><div class='avia_textblock'  itemprop=\"text\" ><p><strong> Warum sollten Sie uns Ihren Erfolg \u00fcberlassen? <\/strong><\/p>\n<p>Unsere Kundenmeinungen best\u00e4tigen unsere wichtigsten Erfolgsfaktoren.<\/p>\n<div id=\"ConnectiveDocSignExtentionInstalled\" data-extension-version=\"1.0.4\"><\/div>\n<div id=\"ConnectiveDocSignExtentionInstalled\" data-extension-version=\"1.0.4\"><\/div>\n<\/div><\/section><\/div><\/div><\/div><\/main><!-- close content main element --><\/div><\/div><div id='av-layout-grid-1'  class='av-layout-grid-container av-2f0g6g-ff130d73ac3a4a8d89e9e76922175633 entry-content-wrapper alternate_color av-flex-cells  avia-builder-el-4  el_after_av_section  el_before_av_layout_row  grid-row-not-first  container_wrap sidebar_right'  >\n\n<style type=\"text\/css\" data-created_by=\"avia_inline_auto\" id=\"style-css-av-26d98w-c778f1fc506c752fb2fde257a2eb2f7e\">\n.flex_cell.av-26d98w-c778f1fc506c752fb2fde257a2eb2f7e{\nvertical-align:top;\nbackground-color:#f17f3b;\n}\n.responsive #top #wrap_all .flex_cell.av-26d98w-c778f1fc506c752fb2fde257a2eb2f7e{\npadding:100px 100px 100px 100px !important;\n}\n<\/style>\n<div class='flex_cell av-26d98w-c778f1fc506c752fb2fde257a2eb2f7e av-gridrow-cell av_one_half no_margin  avia-builder-el-5  el_before_av_cell_one_half  avia-builder-el-first  avia-full-stretch'  ><div class='flex_cell_inner'><p>\n<style type=\"text\/css\" data-created_by=\"avia_inline_auto\" id=\"style-css-av-joyplby7-72403b354c4bdf2379b7371aef8de8ca\">\n#top .av-special-heading.av-joyplby7-72403b354c4bdf2379b7371aef8de8ca{\npadding-bottom:20px;\nfont-size:50px;\n}\nbody .av-special-heading.av-joyplby7-72403b354c4bdf2379b7371aef8de8ca .av-special-heading-tag .heading-char{\nfont-size:25px;\n}\n#top #wrap_all .av-special-heading.av-joyplby7-72403b354c4bdf2379b7371aef8de8ca .av-special-heading-tag{\nfont-size:50px;\n}\n.av-special-heading.av-joyplby7-72403b354c4bdf2379b7371aef8de8ca .av-subheading{\nfont-size:15px;\n}\n\n@media only screen and (min-width: 480px) and (max-width: 767px){ \n#top #wrap_all .av-special-heading.av-joyplby7-72403b354c4bdf2379b7371aef8de8ca .av-special-heading-tag{\nfont-size:0.8em;\n}\n}\n\n@media only screen and (max-width: 479px){ \n#top #wrap_all .av-special-heading.av-joyplby7-72403b354c4bdf2379b7371aef8de8ca .av-special-heading-tag{\nfont-size:0.8em;\n}\n}\n<\/style>\n<div  class='av-special-heading av-joyplby7-72403b354c4bdf2379b7371aef8de8ca av-special-heading-h1 blockquote modern-quote  avia-builder-el-6  el_before_av_textblock  avia-builder-el-first  av-inherit-size'><h1 class='av-special-heading-tag'  itemprop=\"headline\"  >Kreativit\u00e4t<br \/>und Trendbeobachtung <strong style=\"color: #000;\">.<\/strong><\/h1><div class=\"special-heading-border\"><div class=\"special-heading-inner-border\"><\/div><\/div><\/div><br \/>\n<section  class='av_textblock_section av-1oq9og-9f92208e8eeedc1fa80142dcd64ea673 '   itemscope=\"itemscope\" itemtype=\"https:\/\/schema.org\/CreativeWork\" ><div class='avia_textblock'  itemprop=\"text\" ><p>Wir werden immer nach praktischen und originellen Ideen f\u00fcr ihr Event oder ihr Projekt Ausschau halten. Wir sind st\u00e4ndig auf der Suche nach neuen Produkten, Standorten und sorgen daf\u00fcr, dass wir \u00fcber neue Trends und Marktentwicklungen auf dem Laufenden sind.<\/p>\n<\/div><\/section><\/p>\n<\/div><\/div>\n<style type=\"text\/css\" data-created_by=\"avia_inline_auto\" id=\"style-css-av-2294oo-c08450b64ba4460adb38f90fd89fd8ab\">\n.flex_cell.av-2294oo-c08450b64ba4460adb38f90fd89fd8ab{\nvertical-align:top;\nbackground-color:#292929;\n}\n.responsive #top #wrap_all .flex_cell.av-2294oo-c08450b64ba4460adb38f90fd89fd8ab{\npadding:100px 100px 100px 100px !important;\n}\n<\/style>\n<div class='flex_cell av-2294oo-c08450b64ba4460adb38f90fd89fd8ab av-gridrow-cell av_one_half no_margin  avia-builder-el-8  el_after_av_cell_one_half  avia-builder-el-last '  ><div class='flex_cell_inner'><p>\n<style type=\"text\/css\" data-created_by=\"avia_inline_auto\" id=\"style-css-av-joyplx4c-9b709e6a520edd3da87c8aaf59693779\">\n#top .av-special-heading.av-joyplx4c-9b709e6a520edd3da87c8aaf59693779{\npadding-bottom:20px;\nfont-size:50px;\n}\nbody .av-special-heading.av-joyplx4c-9b709e6a520edd3da87c8aaf59693779 .av-special-heading-tag .heading-char{\nfont-size:25px;\n}\n#top #wrap_all .av-special-heading.av-joyplx4c-9b709e6a520edd3da87c8aaf59693779 .av-special-heading-tag{\nfont-size:50px;\n}\n.av-special-heading.av-joyplx4c-9b709e6a520edd3da87c8aaf59693779 .av-subheading{\nfont-size:15px;\n}\n\n@media only screen and (min-width: 480px) and (max-width: 767px){ \n#top #wrap_all .av-special-heading.av-joyplx4c-9b709e6a520edd3da87c8aaf59693779 .av-special-heading-tag{\nfont-size:0.8em;\n}\n}\n\n@media only screen and (max-width: 479px){ \n#top #wrap_all .av-special-heading.av-joyplx4c-9b709e6a520edd3da87c8aaf59693779 .av-special-heading-tag{\nfont-size:0.8em;\n}\n}\n<\/style>\n<div  class='av-special-heading av-joyplx4c-9b709e6a520edd3da87c8aaf59693779 av-special-heading-h1 blockquote modern-quote  avia-builder-el-9  el_before_av_textblock  avia-builder-el-first  av-thin-font av-inherit-size'><h1 class='av-special-heading-tag'  itemprop=\"headline\"  >Ein Auge<br \/>f\u00fcrs Detail<strong>.<\/strong><\/h1><div class=\"special-heading-border\"><div class=\"special-heading-inner-border\"><\/div><\/div><\/div><br \/>\n<section  class='av_textblock_section av-1oq9og-9f92208e8eeedc1fa80142dcd64ea673 '   itemscope=\"itemscope\" itemtype=\"https:\/\/schema.org\/CreativeWork\" ><div class='avia_textblock'  itemprop=\"text\" ><p>Die Details machen den Unterschied. Deswegen schenken wir diesen Details \u00fcber die ganze Dauer des Events oder Programms besondere Aufmerksamkeit.<\/p>\n<\/div><\/section><\/p>\n<\/div><\/div>\n<\/div><\/p>\n<div id='av-layout-grid-2'  class='av-layout-grid-container av-2f0g6g-27e9c95c214200848388d062aa33f285 entry-content-wrapper alternate_color av-flex-cells  avia-builder-el-11  el_after_av_layout_row  el_before_av_layout_row  grid-row-not-first  container_wrap sidebar_right'  >\n\n<style type=\"text\/css\" data-created_by=\"avia_inline_auto\" id=\"style-css-av-26d98w-7b695c2eced335e61fd3003e5789b432\">\n.flex_cell.av-26d98w-7b695c2eced335e61fd3003e5789b432{\nvertical-align:top;\nbackground-color:#292929;\n}\n.responsive #top #wrap_all .flex_cell.av-26d98w-7b695c2eced335e61fd3003e5789b432{\npadding:100px 100px 100px 100px !important;\n}\n<\/style>\n<div class='flex_cell av-26d98w-7b695c2eced335e61fd3003e5789b432 av-gridrow-cell av_one_half no_margin  avia-builder-el-12  el_before_av_cell_one_half  avia-builder-el-first  avia-full-stretch'  ><div class='flex_cell_inner'><p>\n<style type=\"text\/css\" data-created_by=\"avia_inline_auto\" id=\"style-css-av-joypmc9v-71566b0742e90f7a3d7da78b692196f1\">\n#top .av-special-heading.av-joypmc9v-71566b0742e90f7a3d7da78b692196f1{\npadding-bottom:20px;\nfont-size:50px;\n}\nbody .av-special-heading.av-joypmc9v-71566b0742e90f7a3d7da78b692196f1 .av-special-heading-tag .heading-char{\nfont-size:25px;\n}\n#top #wrap_all .av-special-heading.av-joypmc9v-71566b0742e90f7a3d7da78b692196f1 .av-special-heading-tag{\nfont-size:50px;\n}\n.av-special-heading.av-joypmc9v-71566b0742e90f7a3d7da78b692196f1 .av-subheading{\nfont-size:15px;\n}\n\n@media only screen and (min-width: 480px) and (max-width: 767px){ \n#top #wrap_all .av-special-heading.av-joypmc9v-71566b0742e90f7a3d7da78b692196f1 .av-special-heading-tag{\nfont-size:0.8em;\n}\n}\n\n@media only screen and (max-width: 479px){ \n#top #wrap_all .av-special-heading.av-joypmc9v-71566b0742e90f7a3d7da78b692196f1 .av-special-heading-tag{\nfont-size:0.8em;\n}\n}\n<\/style>\n<div  class='av-special-heading av-joypmc9v-71566b0742e90f7a3d7da78b692196f1 av-special-heading-h1 blockquote modern-quote  avia-builder-el-13  el_before_av_textblock  avia-builder-el-first  av-thin-font av-inherit-size'><h1 class='av-special-heading-tag'  itemprop=\"headline\"  >Kommunikation<br \/>und Information <strong>.<\/strong><\/h1><div class=\"special-heading-border\"><div class=\"special-heading-inner-border\"><\/div><\/div><\/div><br \/>\n<section  class='av_textblock_section av-1oq9og-9f92208e8eeedc1fa80142dcd64ea673 '   itemscope=\"itemscope\" itemtype=\"https:\/\/schema.org\/CreativeWork\" ><div class='avia_textblock'  itemprop=\"text\" ><p>Kommunikation ist sehr wichtig f\u00fcr den Erfolg Ihrer Veranstaltung, nicht nur zwischen ihnen und uns, sondern auch mit allen Personen, die an dem Programm und der Durchf\u00fchrung der Veranstaltung beteiligt sind. Daher m\u00fcssen die Informationen klar und transparent sein. Deswegen informieren wir Sie regelm\u00e4\u00dfig \u00fcber den Stand Ihres Projekts.<\/p>\n<\/div><\/section><\/p>\n<\/div><\/div>\n<style type=\"text\/css\" data-created_by=\"avia_inline_auto\" id=\"style-css-av-2294oo-255cd4de3b95ba2e128060e44e5d1414\">\n.flex_cell.av-2294oo-255cd4de3b95ba2e128060e44e5d1414{\nvertical-align:top;\nbackground-color:#3c3c3c;\n}\n.responsive #top #wrap_all .flex_cell.av-2294oo-255cd4de3b95ba2e128060e44e5d1414{\npadding:100px 100px 100px 100px !important;\n}\n<\/style>\n<div class='flex_cell av-2294oo-255cd4de3b95ba2e128060e44e5d1414 av-gridrow-cell av_one_half no_margin  avia-builder-el-15  el_after_av_cell_one_half  avia-builder-el-last '  ><div class='flex_cell_inner'><p>\n<style type=\"text\/css\" data-created_by=\"avia_inline_auto\" id=\"style-css-av-joypmur8-36a0640b9fbe68bdf8833ab10e8ead7e\">\n#top .av-special-heading.av-joypmur8-36a0640b9fbe68bdf8833ab10e8ead7e{\npadding-bottom:20px;\nfont-size:50px;\n}\nbody .av-special-heading.av-joypmur8-36a0640b9fbe68bdf8833ab10e8ead7e .av-special-heading-tag .heading-char{\nfont-size:25px;\n}\n#top #wrap_all .av-special-heading.av-joypmur8-36a0640b9fbe68bdf8833ab10e8ead7e .av-special-heading-tag{\nfont-size:50px;\n}\n.av-special-heading.av-joypmur8-36a0640b9fbe68bdf8833ab10e8ead7e .av-subheading{\nfont-size:15px;\n}\n\n@media only screen and (min-width: 480px) and (max-width: 767px){ \n#top #wrap_all .av-special-heading.av-joypmur8-36a0640b9fbe68bdf8833ab10e8ead7e .av-special-heading-tag{\nfont-size:0.8em;\n}\n}\n\n@media only screen and (max-width: 479px){ \n#top #wrap_all .av-special-heading.av-joypmur8-36a0640b9fbe68bdf8833ab10e8ead7e .av-special-heading-tag{\nfont-size:0.8em;\n}\n}\n<\/style>\n<div  class='av-special-heading av-joypmur8-36a0640b9fbe68bdf8833ab10e8ead7e av-special-heading-h1 blockquote modern-quote  avia-builder-el-16  el_before_av_textblock  avia-builder-el-first  av-thin-font av-inherit-size'><h1 class='av-special-heading-tag'  itemprop=\"headline\"  >Betriebskapazit\u00e4ten<strong>.<\/strong><\/h1><div class=\"special-heading-border\"><div class=\"special-heading-inner-border\"><\/div><\/div><\/div><br \/>\n<section  class='av_textblock_section av-1oq9og-9f92208e8eeedc1fa80142dcd64ea673 '   itemscope=\"itemscope\" itemtype=\"https:\/\/schema.org\/CreativeWork\" ><div class='avia_textblock'  itemprop=\"text\" ><p>Wir sind ein exzellentes Team bestehend aus professionellen und erfahrenen Mitarbeitern, die w\u00e4hrend einer Veranstaltung spezifische Aufgaben \u00fcbernehmen. Unser gro\u00dfes Netzwerk aus erfahrenen Tour-Guides, die bereits in fr\u00fcheren Projekten mit uns zusammengearbeitet haben, versteht genau wie wir arbeiten und was wir von ihnen erwarten.<\/p>\n<\/div><\/section><\/p>\n<\/div><\/div>\n<\/div>\n<div id='av-layout-grid-3'  class='av-layout-grid-container av-2f0g6g-27e9c95c214200848388d062aa33f285 entry-content-wrapper alternate_color av-flex-cells  avia-builder-el-18  el_after_av_layout_row  avia-builder-el-last  grid-row-not-first  container_wrap sidebar_right'  >\n\n<style type=\"text\/css\" data-created_by=\"avia_inline_auto\" id=\"style-css-av-26d98w-f1836140f2a2066af675c8aaa901d257\">\n.flex_cell.av-26d98w-f1836140f2a2066af675c8aaa901d257{\nvertical-align:top;\nbackground-color:#3c3c3c;\n}\n.responsive #top #wrap_all .flex_cell.av-26d98w-f1836140f2a2066af675c8aaa901d257{\npadding:100px 100px 100px 100px !important;\n}\n<\/style>\n<div class='flex_cell av-26d98w-f1836140f2a2066af675c8aaa901d257 av-gridrow-cell av_one_half no_margin  avia-builder-el-19  el_before_av_cell_one_half  avia-builder-el-first  avia-full-stretch'  ><div class='flex_cell_inner'><p>\n<style type=\"text\/css\" data-created_by=\"avia_inline_auto\" id=\"style-css-av-joypnbya-048f0e6e23f7107598ad9aa016088337\">\n#top .av-special-heading.av-joypnbya-048f0e6e23f7107598ad9aa016088337{\npadding-bottom:20px;\nfont-size:50px;\n}\nbody .av-special-heading.av-joypnbya-048f0e6e23f7107598ad9aa016088337 .av-special-heading-tag .heading-char{\nfont-size:25px;\n}\n#top #wrap_all .av-special-heading.av-joypnbya-048f0e6e23f7107598ad9aa016088337 .av-special-heading-tag{\nfont-size:50px;\n}\n.av-special-heading.av-joypnbya-048f0e6e23f7107598ad9aa016088337 .av-subheading{\nfont-size:15px;\n}\n\n@media only screen and (min-width: 480px) and (max-width: 767px){ \n#top #wrap_all .av-special-heading.av-joypnbya-048f0e6e23f7107598ad9aa016088337 .av-special-heading-tag{\nfont-size:0.8em;\n}\n}\n\n@media only screen and (max-width: 479px){ \n#top #wrap_all .av-special-heading.av-joypnbya-048f0e6e23f7107598ad9aa016088337 .av-special-heading-tag{\nfont-size:0.8em;\n}\n}\n<\/style>\n<div  class='av-special-heading av-joypnbya-048f0e6e23f7107598ad9aa016088337 av-special-heading-h1 blockquote modern-quote  avia-builder-el-20  el_before_av_textblock  avia-builder-el-first  av-thin-font av-inherit-size'><h1 class='av-special-heading-tag'  itemprop=\"headline\"  >Finanzielle<br \/>Expertise<strong>.<\/strong><\/h1><div class=\"special-heading-border\"><div class=\"special-heading-inner-border\"><\/div><\/div><\/div><br \/>\n<section  class='av_textblock_section av-1oq9og-9f92208e8eeedc1fa80142dcd64ea673 '   itemscope=\"itemscope\" itemtype=\"https:\/\/schema.org\/CreativeWork\" ><div class='avia_textblock'  itemprop=\"text\" ><p>Unser finanzieller beruflicher Hintergrund sowie unsere reiche Erfahrung machen ihre Veranstaltung einfacher und \u00fcbersichtlicher f\u00fcr Sie. Alle unsere Angebote werden pro Zeile und Artikel dargestellt. Es folgt unserer Firmenpolitik vor einem gro\u00dfen Projekt immer alles mit ihnen durchzugehen.<\/p>\n<\/div><\/section><\/p>\n<\/div><\/div>\n<style type=\"text\/css\" data-created_by=\"avia_inline_auto\" id=\"style-css-av-2294oo-6196c9470a91fb9b4f46e4b94115aee9\">\n.flex_cell.av-2294oo-6196c9470a91fb9b4f46e4b94115aee9{\nvertical-align:top;\nbackground-color:#000000;\n}\n.responsive #top #wrap_all .flex_cell.av-2294oo-6196c9470a91fb9b4f46e4b94115aee9{\npadding:100px 100px 100px 100px !important;\n}\n<\/style>\n<div class='flex_cell av-2294oo-6196c9470a91fb9b4f46e4b94115aee9 av-gridrow-cell av_one_half no_margin  avia-builder-el-22  el_after_av_cell_one_half  avia-builder-el-last '  ><div class='flex_cell_inner'><p>\n<style type=\"text\/css\" data-created_by=\"avia_inline_auto\" id=\"style-css-av-joypnuz1-be71abbacac331e0f6ea92e0bb87f281\">\n#top .av-special-heading.av-joypnuz1-be71abbacac331e0f6ea92e0bb87f281{\npadding-bottom:20px;\nfont-size:50px;\n}\nbody .av-special-heading.av-joypnuz1-be71abbacac331e0f6ea92e0bb87f281 .av-special-heading-tag .heading-char{\nfont-size:25px;\n}\n#top #wrap_all .av-special-heading.av-joypnuz1-be71abbacac331e0f6ea92e0bb87f281 .av-special-heading-tag{\nfont-size:50px;\n}\n.av-special-heading.av-joypnuz1-be71abbacac331e0f6ea92e0bb87f281 .av-subheading{\nfont-size:15px;\n}\n\n@media only screen and (min-width: 480px) and (max-width: 767px){ \n#top #wrap_all .av-special-heading.av-joypnuz1-be71abbacac331e0f6ea92e0bb87f281 .av-special-heading-tag{\nfont-size:0.8em;\n}\n}\n\n@media only screen and (max-width: 479px){ \n#top #wrap_all .av-special-heading.av-joypnuz1-be71abbacac331e0f6ea92e0bb87f281 .av-special-heading-tag{\nfont-size:0.8em;\n}\n}\n<\/style>\n<div  class='av-special-heading av-joypnuz1-be71abbacac331e0f6ea92e0bb87f281 av-special-heading-h1 blockquote modern-quote  avia-builder-el-23  el_before_av_textblock  avia-builder-el-first  av-thin-font av-inherit-size'><h1 class='av-special-heading-tag'  itemprop=\"headline\"  >Respekt<br \/>und Anerkennung<strong>.<\/strong><\/h1><div class=\"special-heading-border\"><div class=\"special-heading-inner-border\"><\/div><\/div><\/div><br \/>\n<section  class='av_textblock_section av-1oq9og-9f92208e8eeedc1fa80142dcd64ea673 '   itemscope=\"itemscope\" itemtype=\"https:\/\/schema.org\/CreativeWork\" ><div class='avia_textblock'  itemprop=\"text\" ><p>Unsere Firmenphilosophie st\u00fctzt den Respekt zu allen, die an dem Erfolg ihres Events beteiligt sind. Nicht nur deswegen arbeiten Lieferanten gerne mit uns in unseren Projekten und sch\u00e4tzen unsere Arbeitsweise. Dies gibt uns die M\u00f6glichkeit f\u00fcr sie Upgrades, ein kostenloses Zimmer, sp\u00e4ten Check-out oder spezielle Meeting Einrichtungen zu arrangieren.<\/p>\n<\/div><\/section><\/p>\n<\/div><\/div>\n<\/div>\n","protected":false},"excerpt":{"rendered":"","protected":false},"author":1,"featured_media":0,"parent":0,"menu_order":0,"comment_status":"closed","ping_status":"closed","template":"","meta":{"footnotes":""},"_links":{"self":[{"href":"https:\/\/successevents.nl\/de\/wp-json\/wp\/v2\/pages\/1187"}],"collection":[{"href":"https:\/\/successevents.nl\/de\/wp-json\/wp\/v2\/pages"}],"about":[{"href":"https:\/\/successevents.nl\/de\/wp-json\/wp\/v2\/types\/page"}],"author":[{"embeddable":true,"href":"https:\/\/successevents.nl\/de\/wp-json\/wp\/v2\/users\/1"}],"replies":[{"embeddable":true,"href":"https:\/\/successevents.nl\/de\/wp-json\/wp\/v2\/comments?post=1187"}],"version-history":[{"count":2,"href":"https:\/\/successevents.nl\/de\/wp-json\/wp\/v2\/pages\/1187\/revisions"}],"predecessor-version":[{"id":1634,"href":"https:\/\/successevents.nl\/de\/wp-json\/wp\/v2\/pages\/1187\/revisions\/1634"}],"wp:attachment":[{"href":"https:\/\/successevents.nl\/de\/wp-json\/wp\/v2\/media?parent=1187"}],"curies":[{"name":"wp","href":"https:\/\/api.w.org\/{rel}","templated":true}]}}