{"id":1189,"date":"2018-11-13T22:40:43","date_gmt":"2018-11-13T22:40:43","guid":{"rendered":"http:\/\/successevents.nl\/success-destinations\/"},"modified":"2019-01-15T20:50:42","modified_gmt":"2019-01-15T19:50:42","slug":"success-destinationen","status":"publish","type":"page","link":"https:\/\/successevents.nl\/de\/success-destinationen\/","title":{"rendered":"Success Destinationen"},"content":{"rendered":"<div id='av_section_1'  class='avia-section av-1grqtp-f68b5f646060204e6e0bc8d1046855da main_color avia-section-large avia-no-border-styling  avia-builder-el-0  el_before_av_masonry_entries  avia-builder-el-first  avia-bg-style-scroll container_wrap sidebar_right'  ><div class='container av-section-cont-open' ><main  role=\"main\" itemprop=\"mainContentOfPage\"  class='template-page content  av-content-small alpha units'><div class='post-entry post-entry-type-page post-entry-1189'><div class='entry-content-wrapper clearfix'>\n\n<style type=\"text\/css\" data-created_by=\"avia_inline_auto\" id=\"style-css-av-av_heading-f60be8dbb1e96c4e7a4928f4b2266a2c\">\n#top .av-special-heading.av-av_heading-f60be8dbb1e96c4e7a4928f4b2266a2c{\npadding-bottom:30px;\nfont-size:70px;\n}\nbody .av-special-heading.av-av_heading-f60be8dbb1e96c4e7a4928f4b2266a2c .av-special-heading-tag .heading-char{\nfont-size:25px;\n}\n#top #wrap_all .av-special-heading.av-av_heading-f60be8dbb1e96c4e7a4928f4b2266a2c .av-special-heading-tag{\nfont-size:70px;\n}\n.av-special-heading.av-av_heading-f60be8dbb1e96c4e7a4928f4b2266a2c .av-subheading{\nfont-size:15px;\n}\n\n@media only screen and (min-width: 480px) and (max-width: 767px){ \n#top #wrap_all .av-special-heading.av-av_heading-f60be8dbb1e96c4e7a4928f4b2266a2c .av-special-heading-tag{\nfont-size:0.8em;\n}\n}\n\n@media only screen and (max-width: 479px){ \n#top #wrap_all .av-special-heading.av-av_heading-f60be8dbb1e96c4e7a4928f4b2266a2c .av-special-heading-tag{\nfont-size:0.8em;\n}\n}\n<\/style>\n<div  class='av-special-heading av-av_heading-f60be8dbb1e96c4e7a4928f4b2266a2c av-special-heading-h1 blockquote modern-quote  avia-builder-el-1  el_before_av_one_full  avia-builder-el-first  av-thin-font av-inherit-size'><h1 class='av-special-heading-tag'  itemprop=\"headline\"  >Success Destinationen<strong>.<\/strong><\/h1><div class=\"special-heading-border\"><div class=\"special-heading-inner-border\"><\/div><\/div><\/div>\n\n<style type=\"text\/css\" data-created_by=\"avia_inline_auto\" id=\"style-css-av-12axlh-d7b3f059a19ba5c854cda2dda6374117\">\n.flex_column.av-12axlh-d7b3f059a19ba5c854cda2dda6374117{\nborder-radius:0px 0px 0px 0px;\npadding:0px 0px 0px 0px;\n}\n<\/style>\n<div  class='flex_column av-12axlh-d7b3f059a19ba5c854cda2dda6374117 av_one_full  avia-builder-el-2  el_after_av_heading  avia-builder-el-last  first flex_column_div av-zero-column-padding  '     ><section  class='av_textblock_section av-xi805-3bc8582cb7097f3bd99845c1fa558936 '   itemscope=\"itemscope\" itemtype=\"https:\/\/schema.org\/CreativeWork\" ><div class='avia_textblock'  itemprop=\"text\" ><h3><strong> Wohin m\u00f6chten wir Sie in die Benelux bringen? <\/strong><\/h3>\n<div id=\"ConnectiveDocSignExtentionInstalled\" data-extension-version=\"1.0.4\"><\/div>\n<div id=\"ConnectiveDocSignExtentionInstalled\" data-extension-version=\"1.0.4\"><\/div>\n<\/div><\/section><\/div>\n<style type=\"text\/css\" data-created_by=\"avia_inline_auto\" id=\"style-css-av-qswd-cb040d2565a89b48da02d88c1a4f825c\">\n#top .av-masonry.av-qswd-cb040d2565a89b48da02d88c1a4f825c{\nbackground-color:#191919;\n}\n<\/style>\n<div id='av-masonry-1' class='av-masonry av-qswd-cb040d2565a89b48da02d88c1a4f825c noHover av-fixed-size av-large-gap av-hover-overlay-active av-masonry-animation-active av-masonry-col-3 av-caption-on-hover av-caption-style-overlay av-masonry-entries ' data-post_id=\"1189\"><div class=\"av-masonry-container isotope av-js-disabled\"><div class='av-masonry-entry isotope-item av-masonry-item-no-image '><\/div><a href=\"https:\/\/successevents.nl\/de\/portfolio-item\/die-niederlande-amsterdam\/\"  id='av-masonry-1-item-1270' data-av-masonry-item='1270' class='av-masonry-entry isotope-item post-1270 portfolio type-portfolio status-publish has-post-thumbnail hentry portfolio_entries-classes-de  av-masonry-item-with-image' title=\"amsterdam-988047_1920\"   itemscope=\"itemscope\" itemtype=\"https:\/\/schema.org\/CreativeWork\" ><div class='av-inner-masonry-sizer'><\/div><figure class='av-inner-masonry main_color'><div class=\"av-masonry-outerimage-container\"><div class='av-masonry-image-container' style=\"background-image: url(https:\/\/successevents.nl\/wp-content\/uploads\/2016\/05\/amsterdam-988047_1920-705x474.jpg);\"  title=\"amsterdam-988047_1920\"  ><\/div><\/div><figcaption class='av-inner-masonry-content site-background'><div class='av-inner-masonry-content-pos'><div class='av-inner-masonry-content-pos-content'><div class='avia-arrow'><\/div><h3 class='av-masonry-entry-title entry-title '  itemprop=\"headline\" >Die Niederlande &#8211; Amsterdam<\/h3><div class='av-masonry-entry-content entry-content'  itemprop=\"text\" >Hauptstadt \u2013 Weltstadt \u2013 Vielfalt \u2013 Freiheit \u2013 Original \u2013 Innovativ \u2013 Trendsetter \u2013 Kan\u00e4le und 800 Br\u00fccken \u2013Viele Sehensw\u00fcrdigkeiten \u2013 75 Museen \u2013 Rembrandt \u2013 Van Gogh \u2013 881.000 Fahrr\u00e4der \u2013 Hausboote \u2013 Theater \u2013 Konzerts\u00e4le \u2013 De Wallen \u2013 Heineken -  Bols \u2013 Rijksmuseum \u2013 Blumenmarkt \u2013 Stra\u00dfenbahnen \u2013 de dam \u2013 Anne Frank Haus \u2013 Beginenh\u00f6fe \u2013 M\u00e4rkte \u2013 Parks \u2013 Amsterdam Arena \u2013 Ajax<\/div><\/div><\/div><\/figcaption><\/figure><\/a><!--end av-masonry entry--><a href=\"https:\/\/successevents.nl\/de\/portfolio-item\/die-niederlande-de-zaanse-schans\/\"  id='av-masonry-1-item-1266' data-av-masonry-item='1266' class='av-masonry-entry isotope-item post-1266 portfolio type-portfolio status-publish has-post-thumbnail hentry portfolio_entries-classes-de  av-masonry-item-with-image' title=\"mill-3165704_1280\"   itemscope=\"itemscope\" itemtype=\"https:\/\/schema.org\/CreativeWork\" ><div class='av-inner-masonry-sizer'><\/div><figure class='av-inner-masonry main_color'><div class=\"av-masonry-outerimage-container\"><div class='av-masonry-image-container' style=\"background-image: url(https:\/\/successevents.nl\/wp-content\/uploads\/2018\/10\/mill-3165704_1280-705x469.jpg);\"  title=\"mill-3165704_1280\"  ><\/div><\/div><figcaption class='av-inner-masonry-content site-background'><div class='av-inner-masonry-content-pos'><div class='av-inner-masonry-content-pos-content'><div class='avia-arrow'><\/div><h3 class='av-masonry-entry-title entry-title '  itemprop=\"headline\" >Die Niederlande &#8211; De Zaanse Schans<\/h3><div class='av-masonry-entry-content entry-content'  itemprop=\"text\" >etwas oberhalb von Amsterdam \u2013 h\u00f6lzerne Windm\u00fchlen \u2013 Scheunen \u2013 H\u00e4user \u2013 Museen \u2013 Holzschuhmacher \u2013 K\u00e4sereien \u2013 Fabrik Verkade \u2013 Albert Heijn Museum<\/div><\/div><\/div><\/figcaption><\/figure><\/a><!--end av-masonry entry--><a href=\"https:\/\/successevents.nl\/de\/portfolio-item\/die-niederlande-keukenhof\/\"  id='av-masonry-1-item-1261' data-av-masonry-item='1261' class='av-masonry-entry isotope-item post-1261 portfolio type-portfolio status-publish has-post-thumbnail hentry portfolio_entries-classes-de  av-masonry-item-with-image' title=\"DSC03328\"   itemscope=\"itemscope\" itemtype=\"https:\/\/schema.org\/CreativeWork\" ><div class='av-inner-masonry-sizer'><\/div><figure class='av-inner-masonry main_color'><div class=\"av-masonry-outerimage-container\"><div class='av-masonry-image-container' style=\"background-image: url(https:\/\/successevents.nl\/wp-content\/uploads\/2018\/10\/DSC03328-705x469.jpg);\"  title=\"DSC03328\"  ><\/div><\/div><figcaption class='av-inner-masonry-content site-background'><div class='av-inner-masonry-content-pos'><div class='av-inner-masonry-content-pos-content'><div class='avia-arrow'><\/div><h3 class='av-masonry-entry-title entry-title '  itemprop=\"headline\" >Die Niederlande &#8211; Keukenhof<\/h3><div class='av-masonry-entry-content entry-content'  itemprop=\"text\" >halbe Stunde von Amsterdam und Den Haag \u2013 internationales und unabh\u00e4ngiges Schaufenster f\u00fcr den niederl\u00e4ndischen Blumenanbau und Gartenbau mit einem Schwerpunkt auf Blumenzwiebeln \u2013 Park \u2013 8 Wochen im Jahr offen \u2013 seit 69 Jahren<\/div><\/div><\/div><\/figcaption><\/figure><\/a><!--end av-masonry entry--><a href=\"https:\/\/successevents.nl\/de\/portfolio-item\/die-niederlande-den-haag\/\"  id='av-masonry-1-item-1255' data-av-masonry-item='1255' class='av-masonry-entry isotope-item post-1255 portfolio type-portfolio status-publish has-post-thumbnail hentry portfolio_entries-classes-de  av-masonry-item-with-image' title=\"the-hague-2036303_1920\"   itemscope=\"itemscope\" itemtype=\"https:\/\/schema.org\/CreativeWork\" ><div class='av-inner-masonry-sizer'><\/div><figure class='av-inner-masonry main_color'><div class=\"av-masonry-outerimage-container\"><div class='av-masonry-image-container' style=\"background-image: url(https:\/\/successevents.nl\/wp-content\/uploads\/2018\/10\/the-hague-2036303_1920-705x470.jpg);\"  title=\"the-hague-2036303_1920\"  ><\/div><\/div><figcaption class='av-inner-masonry-content site-background'><div class='av-inner-masonry-content-pos'><div class='av-inner-masonry-content-pos-content'><div class='avia-arrow'><\/div><h3 class='av-masonry-entry-title entry-title '  itemprop=\"headline\" >Die Niederlande &#8211; Den Haag<\/h3><div class='av-masonry-entry-content entry-content'  itemprop=\"text\" >Diplomatenstadt \u2013 hinter den D\u00fcnen \u2013 neben Scheveningen \u2013 elegant \u2013 herrschaftlich \u2013 gr\u00fcn \u2013 Parks \u2013 gem\u00fctlich \u2013 Denkm\u00e4ler \u2013 historische Viertel \u2013 das Koningshuis \u2013 Mauritshuis \u2013 die k\u00f6niglichen St\u00e4lle \u2013 Poffertjes Stall \u2013 indonesische \u201arijsttafel\u2019 - der Hafen \u2013 Strand Clubs \u2013 Binnenhof \u2013 Ridderzaal \u2013 Friedenspalast \u2013 Hering essen \u2013 Madurodam \u2013 Haagse-Hopfen \u2013 Panorama Mesdag \u2013 Antiquit\u00e4ten & B\u00fcchermarkt \u2013 Escher im Palast<\/div><\/div><\/div><\/figcaption><\/figure><\/a><!--end av-masonry entry--><a href=\"https:\/\/successevents.nl\/de\/portfolio-item\/die-niederlande-delft\/\"  id='av-masonry-1-item-1250' data-av-masonry-item='1250' class='av-masonry-entry isotope-item post-1250 portfolio type-portfolio status-publish has-post-thumbnail hentry portfolio_entries-classes-de  av-masonry-item-with-image' title=\"Delft porcelein\"   itemscope=\"itemscope\" itemtype=\"https:\/\/schema.org\/CreativeWork\" ><div class='av-inner-masonry-sizer'><\/div><figure class='av-inner-masonry main_color'><div class=\"av-masonry-outerimage-container\"><div class='av-masonry-image-container' style=\"background-image: url(https:\/\/successevents.nl\/wp-content\/uploads\/2018\/10\/Delft-porcelein-705x470.jpg);\"  title=\"Delft porcelein\"  ><\/div><\/div><figcaption class='av-inner-masonry-content site-background'><div class='av-inner-masonry-content-pos'><div class='av-inner-masonry-content-pos-content'><div class='avia-arrow'><\/div><h3 class='av-masonry-entry-title entry-title '  itemprop=\"headline\" >Die Niederlande  &#8211; Delft<\/h3><div class='av-masonry-entry-content entry-content'  itemprop=\"text\" >15 Minuten von Den Haag \u2013 Johannes Vermeer -  Delfts Blaues Porzellan \u2013 De Nieuwe Kerk \u2013 K\u00f6nigsfamilie \u2013 Prinsenhof \u2013 Rathaus \u2013 Science Center TU Delft \u2013 Kan\u00e4le \u2013 Kirchen \u2013 Kanalh\u00e4user \u2013 H\u00f6fe \u2013 Bruincaf\u00e9s \u2013 Kanalfahrten<\/div><\/div><\/div><\/figcaption><\/figure><\/a><!--end av-masonry entry--><a href=\"https:\/\/successevents.nl\/de\/portfolio-item\/die-niederlande-noordwijk\/\"  id='av-masonry-1-item-1246' data-av-masonry-item='1246' class='av-masonry-entry isotope-item post-1246 portfolio type-portfolio status-publish has-post-thumbnail hentry portfolio_entries-classes-de  av-masonry-item-with-image' title=\"sun-1532399_1280\"   itemscope=\"itemscope\" itemtype=\"https:\/\/schema.org\/CreativeWork\" ><div class='av-inner-masonry-sizer'><\/div><figure class='av-inner-masonry main_color'><div class=\"av-masonry-outerimage-container\"><div class='av-masonry-image-container' style=\"background-image: url(https:\/\/successevents.nl\/wp-content\/uploads\/2018\/10\/sun-1532399_1280-705x468.jpg);\"  title=\"sun-1532399_1280\"  ><\/div><\/div><figcaption class='av-inner-masonry-content site-background'><div class='av-inner-masonry-content-pos'><div class='av-inner-masonry-content-pos-content'><div class='avia-arrow'><\/div><h3 class='av-masonry-entry-title entry-title '  itemprop=\"headline\" >Die Niederlande &#8211; Noordwijk<\/h3><div class='av-masonry-entry-content entry-content'  itemprop=\"text\" >Strand \/ Meer \/ K\u00fcste \u2013 halbe Stunde von Amsterdam, Haarlem und Den Haag entfernt \u2013 hohe D\u00fcnen \u2013 ausgedehnte W\u00e4lder \u2013 unber\u00fchrte Natur \u2013 13 km Sandstr\u00e4nde \u2013 Radfahren \u2013 Wandern \u2013 Kiten \u2013 Aktivit\u00e4ten am Strand \u2013 Der \u201aBollenstreek\u2019 \u2013 Space Expo Center \u2013 Keukenhof \u2013 Lauwmans Automobilmuseum \u2013 Vogel Park Avifauna<\/div><\/div><\/div><\/figcaption><\/figure><\/a><!--end av-masonry entry--><a href=\"https:\/\/successevents.nl\/de\/portfolio-item\/die-niederlande-rotterdam\/\"  id='av-masonry-1-item-1242' data-av-masonry-item='1242' class='av-masonry-entry isotope-item post-1242 portfolio type-portfolio status-publish has-post-thumbnail hentry portfolio_entries-classes-de  av-masonry-item-with-image' title=\"blue-1688578_1920\"   itemscope=\"itemscope\" itemtype=\"https:\/\/schema.org\/CreativeWork\" ><div class='av-inner-masonry-sizer'><\/div><figure class='av-inner-masonry main_color'><div class=\"av-masonry-outerimage-container\"><div class='av-masonry-image-container' style=\"background-image: url(https:\/\/successevents.nl\/wp-content\/uploads\/2018\/10\/blue-1688578_1920-705x470.jpg);\"  title=\"blue-1688578_1920\"  ><\/div><\/div><figcaption class='av-inner-masonry-content site-background'><div class='av-inner-masonry-content-pos'><div class='av-inner-masonry-content-pos-content'><div class='avia-arrow'><\/div><h3 class='av-masonry-entry-title entry-title '  itemprop=\"headline\" >Die Niederlande &#8211; Rotterdam<\/h3><div class='av-masonry-entry-content entry-content'  itemprop=\"text\" >jung \u2013 dynamisch \u2013 kreativ \u2013 trend-setting \u2013 moderne Architektur \u2013 Design \u2013 vielf\u00e4ltig \u2013 Europas gr\u00f6\u00dfter Hafen \u2013 Skyline \u2013 Maritime Museum \u2013 Hafenrundfahrt \u2013 Euromast \u2013 Markthalle \u2013 Erasmusbr\u00fccke \u2013 Beurstraverse shopping \u2013 Entdecken Sie das kubuswoning Feijenoord Stadium \u2013 Zoo Rotterdam \u2013 Museum Boijmans van Beuningen.<\/div><\/div><\/div><\/figcaption><\/figure><\/a><!--end av-masonry entry--><a href=\"https:\/\/successevents.nl\/de\/portfolio-item\/belgien-bruessel\/\"  id='av-masonry-1-item-1237' data-av-masonry-item='1237' class='av-masonry-entry isotope-item post-1237 portfolio type-portfolio status-publish has-post-thumbnail hentry portfolio_entries-classes-de  av-masonry-item-with-image' title=\"belgium-3590638_1920\"   itemscope=\"itemscope\" itemtype=\"https:\/\/schema.org\/CreativeWork\" ><div class='av-inner-masonry-sizer'><\/div><figure class='av-inner-masonry main_color'><div class=\"av-masonry-outerimage-container\"><div class='av-masonry-image-container' style=\"background-image: url(https:\/\/successevents.nl\/wp-content\/uploads\/2016\/05\/belgium-3590638_1920-705x470.jpg);\"  title=\"belgium-3590638_1920\"  ><\/div><\/div><figcaption class='av-inner-masonry-content site-background'><div class='av-inner-masonry-content-pos'><div class='av-inner-masonry-content-pos-content'><div class='avia-arrow'><\/div><h3 class='av-masonry-entry-title entry-title '  itemprop=\"headline\" >Belgien &#8211; Br\u00fcssel<\/h3><div class='av-masonry-entry-content entry-content'  itemprop=\"text\" >Hauptstadt Europas \u2013 multikulturell \u2013 Vielfalt \u2013 sch\u00f6nster Marktplatz der Welt \u2013 Manneken Pis \u2013 Atomium \u2013 BIER \u2013 Magritte \u2013 Jacques Brel \u2013 Waffeln \u2013 Europ\u00e4ische Union \u2013 Schl\u00fcmpfe \u2013 Jugendstil \u2013 Karikaturisten \u2013 Parks \u2013 Gr\u00fcn \u2013 Muscheln \u2013 Saint Hubertus Galerie \u2013 Antiquit\u00e4tenm\u00e4rkte \u2013 Flohmarkt \u2013 Marollen \u2013 Toots Tielemans \u2013 Festivals \u2013 Delvaux<\/div><\/div><\/div><\/figcaption><\/figure><\/a><!--end av-masonry entry--><a href=\"https:\/\/successevents.nl\/de\/portfolio-item\/belgien-antwerpen\/\"  id='av-masonry-1-item-1231' data-av-masonry-item='1231' class='av-masonry-entry isotope-item post-1231 portfolio type-portfolio status-publish has-post-thumbnail hentry portfolio_entries-classes-de  av-masonry-item-with-image' title=\"belgium-1748930_1920\"   itemscope=\"itemscope\" itemtype=\"https:\/\/schema.org\/CreativeWork\" ><div class='av-inner-masonry-sizer'><\/div><figure class='av-inner-masonry main_color'><div class=\"av-masonry-outerimage-container\"><div class='av-masonry-image-container' style=\"background-image: url(https:\/\/successevents.nl\/wp-content\/uploads\/2016\/05\/belgium-1748930_1920-705x470.jpg);\"  title=\"belgium-1748930_1920\"  ><\/div><\/div><figcaption class='av-inner-masonry-content site-background'><div class='av-inner-masonry-content-pos'><div class='av-inner-masonry-content-pos-content'><div class='avia-arrow'><\/div><h3 class='av-masonry-entry-title entry-title '  itemprop=\"headline\" >Belgien &#8211; Antwerpen<\/h3><div class='av-masonry-entry-content entry-content'  itemprop=\"text\" >\u201at Stadt aan de Schelde \u2013 kraftvoller und cooler Charakter \u2013modisch \u2013 trendy \u2013 Rubenshuis \u2013 ein Hafen der niemals schl\u00e4ft \u2013 eine Mischung aus moderner und historischer Architektur \u2013 Groen Markt \u2013 Diamanten \u2013 Vogeltjesmarkt \u2013 Modedesigner \u2013 Antwepener Zoo \u2013 Fl\u00e4mische Pommes \u2013 MAS Museum \u2013 Sportpaleis \u2013 het eilandje \u2013 Musikfestivals \u2013 Red Star Line Museum \u2013 die Kloosterstraat \u2013 MoMu \u2013 Kunstgalerien \u2013 coole Bars & Restaurants \u2013 Anna beach \u2013 Jazz Middelheim \u2013 Theatervorstellungen<\/div><\/div><\/div><\/figcaption><\/figure><\/a><!--end av-masonry entry--><a href=\"https:\/\/successevents.nl\/de\/portfolio-item\/belgien-gent\/\"  id='av-masonry-1-item-1225' data-av-masonry-item='1225' class='av-masonry-entry isotope-item post-1225 portfolio type-portfolio status-publish has-post-thumbnail hentry portfolio_entries-classes-de  av-masonry-item-with-image' title=\"ghent-2428748_1920\"   itemscope=\"itemscope\" itemtype=\"https:\/\/schema.org\/CreativeWork\" ><div class='av-inner-masonry-sizer'><\/div><figure class='av-inner-masonry main_color'><div class=\"av-masonry-outerimage-container\"><div class='av-masonry-image-container' style=\"background-image: url(https:\/\/successevents.nl\/wp-content\/uploads\/2018\/10\/ghent-2428748_1920-705x447.jpg);\"  title=\"ghent-2428748_1920\"  ><\/div><\/div><figcaption class='av-inner-masonry-content site-background'><div class='av-inner-masonry-content-pos'><div class='av-inner-masonry-content-pos-content'><div class='avia-arrow'><\/div><h3 class='av-masonry-entry-title entry-title '  itemprop=\"headline\" >Belgien &#8211; Gent<\/h3><div class='av-masonry-entry-content entry-content'  itemprop=\"text\" >historisch \u2013 zeitgen\u00f6ssisch \u2013 trendy \u2013 solidarisch \u2013 modernes Stadtleben \u2013 junge Atmosph\u00e4re \u2013 Studentenstadt \u2013 Lebensfreudig \u2013 gastfreundlich \u2013 Sint Baafs Katherdrale mit Lams Gott der Br\u00fcder Van Eyck \u2013 De Genste feesten \u2013 Magische Light Shows \u2013 Brauereien \u2013 Veggie \u2013 Hauptstadt Europas \u2013 Gravensteen Burg \u2013 Rock\u2019n Roll \u2013 Gastronomie \u2013 24\/24 pulsierend \u2013 autofreies Zentrum \u2013 Fahrr\u00e4der \u2013 Bootfahrt auf der Leie \u2013 Der Genter Belfried<\/div><\/div><\/div><\/figcaption><\/figure><\/a><!--end av-masonry entry--><a href=\"https:\/\/successevents.nl\/de\/portfolio-item\/belgien-bruegge\/\"  id='av-masonry-1-item-1219' data-av-masonry-item='1219' class='av-masonry-entry isotope-item post-1219 portfolio type-portfolio status-publish has-post-thumbnail hentry portfolio_entries-classes-de  av-masonry-item-with-image' title=\"belgian-2115765_1920\"   itemscope=\"itemscope\" itemtype=\"https:\/\/schema.org\/CreativeWork\" ><div class='av-inner-masonry-sizer'><\/div><figure class='av-inner-masonry main_color'><div class=\"av-masonry-outerimage-container\"><div class='av-masonry-image-container' style=\"background-image: url(https:\/\/successevents.nl\/wp-content\/uploads\/2018\/10\/belgian-2115765_1920-705x470.jpg);\"  title=\"belgian-2115765_1920\"  ><\/div><\/div><figcaption class='av-inner-masonry-content site-background'><div class='av-inner-masonry-content-pos'><div class='av-inner-masonry-content-pos-content'><div class='avia-arrow'><\/div><h3 class='av-masonry-entry-title entry-title '  itemprop=\"headline\" >Belgien &#8211; Br\u00fcgge<\/h3><div class='av-masonry-entry-content entry-content'  itemprop=\"text\" >Venedig des Nordens \u2013 Unesco Weltkulturerbe \u2013 einzigartig \u2013 Mittelalterlich und aus dem 16. Jahrhundert \u2013 Treppen facaden haus \u2013 Grote Markt \u2013 Pieter Breugel \u2013 F\u00fcrstlicher Beginenhof \u2013 Bootsfahrt auf Brugges Reien \u2013 Abteibier \u2013 Glockenturm \u2013K\u00e4seproduktion \u2013 Reien und Minnewasser \u2013 Fl\u00e4mische Primitive \u2013 Stadttore \u2013 M\u00fchlen \u2013 Spitzen Museum\u2013 Fahrten in der Kutsche \u2013 Ausstellung von Salvador Dali \u2013 Muschen mit Pommes \u2013 Schokoladenmuseum \u2013 fast v\u00f6llig Autofrei<\/div><\/div><\/div><\/figcaption><\/figure><\/a><!--end av-masonry entry--><a href=\"https:\/\/successevents.nl\/de\/portfolio-item\/die-niederlande-limburg\/\"  id='av-masonry-1-item-1214' data-av-masonry-item='1214' class='av-masonry-entry isotope-item post-1214 portfolio type-portfolio status-publish has-post-thumbnail hentry portfolio_entries-classes-de  av-masonry-item-with-image' title=\"limburg-3746079_1280\"   itemscope=\"itemscope\" itemtype=\"https:\/\/schema.org\/CreativeWork\" ><div class='av-inner-masonry-sizer'><\/div><figure class='av-inner-masonry main_color'><div class=\"av-masonry-outerimage-container\"><div class='av-masonry-image-container' style=\"background-image: url(https:\/\/successevents.nl\/wp-content\/uploads\/2018\/10\/limburg-3746079_1280-705x454.jpg);\"  title=\"limburg-3746079_1280\"  ><\/div><\/div><figcaption class='av-inner-masonry-content site-background'><div class='av-inner-masonry-content-pos'><div class='av-inner-masonry-content-pos-content'><div class='avia-arrow'><\/div><h3 class='av-masonry-entry-title entry-title '  itemprop=\"headline\" >Die Niederlande &#8211; Limburg<\/h3><div class='av-masonry-entry-content entry-content'  itemprop=\"text\" >H\u00fcgellandschaft \u2013 Burgundische Niederlande\u2013 einladend \u2013 Drei L\u00e4nder Eck \u2013 sportlich \u2013 Maastricht \u2013 ausgefallenes Design \u2013 Kirchen \u2013 Mergel und H\u00f6hlen \u2013 Valkenburg \u2013 gro\u00dfe Pl\u00e4tze \u2013 unterirdische Abenteuer \u2013 Erholung in und auf dem Wasser \u2013 \u00dcberlebens-, Fahrrad-, Wandertouren \u2013 Golf \u2013 In- und Outdoor Spiele \u2013 Reiten \u2013 Hei\u00dfluftballons \u2013 ausgedehnte Weinberge \u2013 Limburgische Vlaai\u2019s \u2013 Burgen _ Kl\u00f6ster \u2013 Nationalpark Hoge Kempen -  Bergbaugeschichte \u2013 Brauereien \u2013 Musikfestivals \u2013 Hasselt \u2013 Maasmechelen Shopping Village<\/div><\/div><\/div><\/figcaption><\/figure><\/a><!--end av-masonry entry--><a href=\"https:\/\/successevents.nl\/de\/portfolio-item\/luxemburg\/\"  id='av-masonry-1-item-1210' data-av-masonry-item='1210' class='av-masonry-entry isotope-item post-1210 portfolio type-portfolio status-publish has-post-thumbnail hentry portfolio_entries-classes-de  av-masonry-item-with-image' title=\"luxembourg-1164656_1280\"   itemscope=\"itemscope\" itemtype=\"https:\/\/schema.org\/CreativeWork\" ><div class='av-inner-masonry-sizer'><\/div><figure class='av-inner-masonry main_color'><div class=\"av-masonry-outerimage-container\"><div class='av-masonry-image-container' style=\"background-image: url(https:\/\/successevents.nl\/wp-content\/uploads\/2018\/10\/luxembourg-1164656_1280-705x397.jpg);\"  title=\"luxembourg-1164656_1280\"  ><\/div><\/div><figcaption class='av-inner-masonry-content site-background'><div class='av-inner-masonry-content-pos'><div class='av-inner-masonry-content-pos-content'><div class='avia-arrow'><\/div><h3 class='av-masonry-entry-title entry-title '  itemprop=\"headline\" >Luxemburg<\/h3><div class='av-masonry-entry-content entry-content'  itemprop=\"text\" >auch eine belgische Provinz \u2013 Gro\u00dfherzogtum \u2013 Stadtbefestigung \u2013 mittelalterliche, klassische und moderne Architektur \u2013 gr\u00fcne T\u00e4ler \u2013 Robert Schuman \u2013 Ardennen und Naturparks \u2013 Natur \u2013 M\u00fcllerthal \u2013 Clervaux rent-a-city \u2013 Moselland \u2013 Durbuy \u2013 \u00dcberlebens-,Fahrrad und Wandertouren \u2013 Die Prozession von Echternach \u2013 Europ\u00e4ische Institutionen \u2013 Europ\u00e4ische Investitionsbank \u2013 Golf \u2013 Wald \u2013 Place d\u2019Armes<\/div><\/div><\/div><\/figcaption><\/figure><\/a><!--end av-masonry entry--><\/div><\/div><\/p>\n","protected":false},"excerpt":{"rendered":"","protected":false},"author":1,"featured_media":0,"parent":0,"menu_order":0,"comment_status":"closed","ping_status":"closed","template":"","meta":{"footnotes":""},"_links":{"self":[{"href":"https:\/\/successevents.nl\/de\/wp-json\/wp\/v2\/pages\/1189"}],"collection":[{"href":"https:\/\/successevents.nl\/de\/wp-json\/wp\/v2\/pages"}],"about":[{"href":"https:\/\/successevents.nl\/de\/wp-json\/wp\/v2\/types\/page"}],"author":[{"embeddable":true,"href":"https:\/\/successevents.nl\/de\/wp-json\/wp\/v2\/users\/1"}],"replies":[{"embeddable":true,"href":"https:\/\/successevents.nl\/de\/wp-json\/wp\/v2\/comments?post=1189"}],"version-history":[{"count":2,"href":"https:\/\/successevents.nl\/de\/wp-json\/wp\/v2\/pages\/1189\/revisions"}],"predecessor-version":[{"id":1639,"href":"https:\/\/successevents.nl\/de\/wp-json\/wp\/v2\/pages\/1189\/revisions\/1639"}],"wp:attachment":[{"href":"https:\/\/successevents.nl\/de\/wp-json\/wp\/v2\/media?parent=1189"}],"curies":[{"name":"wp","href":"https:\/\/api.w.org\/{rel}","templated":true}]}}