{"id":1194,"date":"2018-11-13T22:20:05","date_gmt":"2018-11-13T22:20:05","guid":{"rendered":"http:\/\/successevents.nl\/welcome\/"},"modified":"2019-01-15T10:32:46","modified_gmt":"2019-01-15T09:32:46","slug":"willkommen","status":"publish","type":"page","link":"https:\/\/successevents.nl\/de\/","title":{"rendered":"WILLKOMMEN"},"content":{"rendered":"\n<p><\/p>\n\n\n<div id='full_slider_1'  class='avia-fullwidth-slider main_color avia-shadow   avia-builder-el-0  el_before_av_layout_row  avia-builder-el-first  homeslider  container_wrap sidebar_right'  >\n<style type=\"text\/css\" data-created_by=\"avia_inline_auto\" id=\"style-css-av-9g2szu-e8a852ccb2e50554e5c093088e61381b\">\n#top #wrap_all .avia-slideshow .av-slideshow-caption.av-9g2szu-e8a852ccb2e50554e5c093088e61381b__0 .avia-caption-title{\nfont-size:50px;\n}\n#top .avia-slideshow .av-slideshow-caption.av-9g2szu-e8a852ccb2e50554e5c093088e61381b__0 .avia-caption-content{\nfont-size:24px;\n}\n#top .avia-slideshow .av-slideshow-caption.av-9g2szu-e8a852ccb2e50554e5c093088e61381b__0 .avia-caption-content p{\nfont-size:24px;\n}\n<\/style>\n<div  class='avia-slideshow av-9g2szu-e8a852ccb2e50554e5c093088e61381b avia-slideshow-extra_large av_slideshow_full avia-slide-slider homeslider av-slideshow-ui av-control-minimal av-slideshow-manual av-loop-once av-loop-manual-endless av-default-height-applied   avia-slideshow-1' data-slideshow-options=\"{&quot;animation&quot;:&quot;slide&quot;,&quot;autoplay&quot;:false,&quot;loop_autoplay&quot;:&quot;once&quot;,&quot;interval&quot;:6,&quot;loop_manual&quot;:&quot;manual-endless&quot;,&quot;autoplay_stopper&quot;:false,&quot;noNavigation&quot;:false,&quot;bg_slider&quot;:false,&quot;keep_padding&quot;:false,&quot;hoverpause&quot;:false,&quot;show_slide_delay&quot;:0}\"  itemprop=\"image\" itemscope=\"itemscope\" itemtype=\"https:\/\/schema.org\/ImageObject\" ><ul class='avia-slideshow-inner ' style='padding-bottom: 53.648068669528%;'><li  class='avia-slideshow-slide av-9g2szu-e8a852ccb2e50554e5c093088e61381b__0  slide-1 slide-odd'><div data-rel='slideshow-1' class='avia-slide-wrap '   ><img decoding=\"async\" class=\"wp-image-1316 avia-img-lazy-loading-not-1316\"  src=\"https:\/\/successevents.nl\/wp-content\/uploads\/2018\/09\/headers-home2-1.jpg\" width=\"932\" height=\"500\" title='headers-home2' alt=''  itemprop=\"thumbnailUrl\" srcset=\"https:\/\/successevents.nl\/wp-content\/uploads\/2018\/09\/headers-home2-1.jpg 932w, https:\/\/successevents.nl\/wp-content\/uploads\/2018\/09\/headers-home2-1-300x161.jpg 300w, https:\/\/successevents.nl\/wp-content\/uploads\/2018\/09\/headers-home2-1-768x412.jpg 768w, https:\/\/successevents.nl\/wp-content\/uploads\/2018\/09\/headers-home2-1-705x378.jpg 705w, https:\/\/successevents.nl\/wp-content\/uploads\/2018\/09\/headers-home2-1-450x241.jpg 450w\" sizes=\"(max-width: 932px) 100vw, 932px\" \/><div class='av-section-color-overlay' style='opacity: 0.3; background-color: #0a0a0a; '><\/div><\/div><\/li><li  class='avia-slideshow-slide av-9g2szu-e8a852ccb2e50554e5c093088e61381b__1  slide-2 slide-even'><div data-rel='slideshow-1' class='avia-slide-wrap '   ><img decoding=\"async\" class=\"wp-image-1325 avia-img-lazy-loading-not-1325\"  src=\"https:\/\/successevents.nl\/wp-content\/uploads\/2016\/05\/amsterdam-3523995_1920-1500x998.jpg\" width=\"1500\" height=\"998\" title='amsterdam-3523995_1920' alt=''  itemprop=\"thumbnailUrl\" srcset=\"https:\/\/successevents.nl\/wp-content\/uploads\/2016\/05\/amsterdam-3523995_1920-1500x998.jpg 1500w, https:\/\/successevents.nl\/wp-content\/uploads\/2016\/05\/amsterdam-3523995_1920-300x200.jpg 300w, https:\/\/successevents.nl\/wp-content\/uploads\/2016\/05\/amsterdam-3523995_1920-768x511.jpg 768w, https:\/\/successevents.nl\/wp-content\/uploads\/2016\/05\/amsterdam-3523995_1920-1030x685.jpg 1030w, https:\/\/successevents.nl\/wp-content\/uploads\/2016\/05\/amsterdam-3523995_1920-705x469.jpg 705w, https:\/\/successevents.nl\/wp-content\/uploads\/2016\/05\/amsterdam-3523995_1920-450x299.jpg 450w, https:\/\/successevents.nl\/wp-content\/uploads\/2016\/05\/amsterdam-3523995_1920.jpg 1920w\" sizes=\"(max-width: 1500px) 100vw, 1500px\" \/><\/div><\/li><li  class='avia-slideshow-slide av-9g2szu-e8a852ccb2e50554e5c093088e61381b__2  slide-3 slide-odd'><div data-rel='slideshow-1' class='avia-slide-wrap '   ><img decoding=\"async\" class=\"wp-image-1233 avia-img-lazy-loading-not-1233\"  src=\"https:\/\/successevents.nl\/wp-content\/uploads\/2016\/05\/belgium-1748930_1920-1500x1000.jpg\" width=\"1500\" height=\"1000\" title='belgium-1748930_1920' alt=''  itemprop=\"thumbnailUrl\" srcset=\"https:\/\/successevents.nl\/wp-content\/uploads\/2016\/05\/belgium-1748930_1920-1500x1000.jpg 1500w, https:\/\/successevents.nl\/wp-content\/uploads\/2016\/05\/belgium-1748930_1920-300x200.jpg 300w, https:\/\/successevents.nl\/wp-content\/uploads\/2016\/05\/belgium-1748930_1920-768x512.jpg 768w, https:\/\/successevents.nl\/wp-content\/uploads\/2016\/05\/belgium-1748930_1920-1030x687.jpg 1030w, https:\/\/successevents.nl\/wp-content\/uploads\/2016\/05\/belgium-1748930_1920-705x470.jpg 705w, https:\/\/successevents.nl\/wp-content\/uploads\/2016\/05\/belgium-1748930_1920-450x300.jpg 450w, https:\/\/successevents.nl\/wp-content\/uploads\/2016\/05\/belgium-1748930_1920.jpg 1920w\" sizes=\"(max-width: 1500px) 100vw, 1500px\" \/><\/div><\/li><li  class='avia-slideshow-slide av-9g2szu-e8a852ccb2e50554e5c093088e61381b__3  slide-4 slide-even'><div data-rel='slideshow-1' class='avia-slide-wrap '   ><img decoding=\"async\" class=\"wp-image-1441 avia-img-lazy-loading-not-1441\"  src=\"https:\/\/successevents.nl\/wp-content\/uploads\/2018\/11\/brussels-597627_1920-1500x1125.jpg\" width=\"1500\" height=\"1125\" title='brussels-597627_1920' alt=''  itemprop=\"thumbnailUrl\" srcset=\"https:\/\/successevents.nl\/wp-content\/uploads\/2018\/11\/brussels-597627_1920-1500x1125.jpg 1500w, https:\/\/successevents.nl\/wp-content\/uploads\/2018\/11\/brussels-597627_1920-300x225.jpg 300w, https:\/\/successevents.nl\/wp-content\/uploads\/2018\/11\/brussels-597627_1920-768x576.jpg 768w, https:\/\/successevents.nl\/wp-content\/uploads\/2018\/11\/brussels-597627_1920-1030x773.jpg 1030w, https:\/\/successevents.nl\/wp-content\/uploads\/2018\/11\/brussels-597627_1920-705x529.jpg 705w, https:\/\/successevents.nl\/wp-content\/uploads\/2018\/11\/brussels-597627_1920-450x338.jpg 450w, https:\/\/successevents.nl\/wp-content\/uploads\/2018\/11\/brussels-597627_1920.jpg 1920w\" sizes=\"(max-width: 1500px) 100vw, 1500px\" \/><\/div><\/li><li  class='avia-slideshow-slide av-9g2szu-e8a852ccb2e50554e5c093088e61381b__4  slide-5 slide-odd'><div data-rel='slideshow-1' class='avia-slide-wrap '   ><img decoding=\"async\" class=\"wp-image-1440 avia-img-lazy-loading-not-1440\"  src=\"https:\/\/successevents.nl\/wp-content\/uploads\/2018\/11\/belgium-3588126_1920-1500x1000.jpg\" width=\"1500\" height=\"1000\" title='belgium-3588126_1920' alt=''  itemprop=\"thumbnailUrl\" srcset=\"https:\/\/successevents.nl\/wp-content\/uploads\/2018\/11\/belgium-3588126_1920-1500x1000.jpg 1500w, https:\/\/successevents.nl\/wp-content\/uploads\/2018\/11\/belgium-3588126_1920-300x200.jpg 300w, https:\/\/successevents.nl\/wp-content\/uploads\/2018\/11\/belgium-3588126_1920-768x512.jpg 768w, https:\/\/successevents.nl\/wp-content\/uploads\/2018\/11\/belgium-3588126_1920-1030x687.jpg 1030w, https:\/\/successevents.nl\/wp-content\/uploads\/2018\/11\/belgium-3588126_1920-705x470.jpg 705w, https:\/\/successevents.nl\/wp-content\/uploads\/2018\/11\/belgium-3588126_1920-450x300.jpg 450w, https:\/\/successevents.nl\/wp-content\/uploads\/2018\/11\/belgium-3588126_1920.jpg 1920w\" sizes=\"(max-width: 1500px) 100vw, 1500px\" \/><\/div><\/li><\/ul><div class='avia-slideshow-arrows avia-slideshow-controls' ><a href='#prev' class='prev-slide ' aria-hidden='true' data-av_icon='\ue87c' data-av_iconfont='entypo-fontello'  tabindex='-1'>Zur\u00fcck<\/a><a href='#next' class='next-slide ' aria-hidden='true' data-av_icon='\ue87d' data-av_iconfont='entypo-fontello'  tabindex='-1'>Weiter<\/a><\/div><div class='avia-slideshow-dots avia-slideshow-controls'><a href='#1' class='goto-slide active' >1<\/a><a href='#2' class='goto-slide ' >2<\/a><a href='#3' class='goto-slide ' >3<\/a><a href='#4' class='goto-slide ' >4<\/a><a href='#5' class='goto-slide ' >5<\/a><\/div><div class='av-slideshow-caption av-9g2szu-e8a852ccb2e50554e5c093088e61381b__0 caption_fullwidth caption_center'><div class=\"container caption_container\"><div class=\"slideshow_caption\"><div class=\"slideshow_inner_caption\"><div class=\"slideshow_align_caption\"><h2 class='avia-caption-title '  itemprop=\"name\" >Success Events<strong>.<\/strong><\/h2><div class='avia-caption-content '  itemprop=\"description\" ><p>Ihr Eventplaner in den Niederlanden, Belgien und Luxemburg.<\/p>\n<\/div><a href='https:\/\/successevents.nl\/de\/unsere-erfolgsaspekte\/'  class='avia-slideshow-button avia-button avia-color-light ' data-duration='800' data-easing='easeInOutQuad'>Entdecken<\/a><\/div><\/div><\/div><\/div><\/div><\/div><\/div>\n<div id='av-layout-grid-1'  class='av-layout-grid-container av-8on4o2-965892e604488e8892c628def0e6646b entry-content-wrapper main_color av-flex-cells  avia-builder-el-1  el_after_av_slideshow_full  el_before_av_section  grid-row-not-first  container_wrap sidebar_right'  >\n\n<style type=\"text\/css\" data-created_by=\"avia_inline_auto\" id=\"style-css-av-8l95gq-2dfd293b3619cc41ee260cb3a68792a1\">\n.flex_cell.av-8l95gq-2dfd293b3619cc41ee260cb3a68792a1{\nvertical-align:top;\nbackground-color:#f37f30;\n}\n.responsive #top #wrap_all .flex_cell.av-8l95gq-2dfd293b3619cc41ee260cb3a68792a1{\npadding:90px 50px 90px 50px !important;\n}\n<\/style>\n<div class='flex_cell av-8l95gq-2dfd293b3619cc41ee260cb3a68792a1 av-gridrow-cell av_one_third no_margin  avia-builder-el-2  el_before_av_cell_one_third  avia-builder-el-first  avia-full-stretch'  ><div class='flex_cell_inner'>\n<style type=\"text\/css\" data-created_by=\"avia_inline_auto\" id=\"style-css-av-jmi1jb8b-ae6c3d661ed3881e3abfe0a9f476d975\">\n#top .av_textblock_section.av-jmi1jb8b-ae6c3d661ed3881e3abfe0a9f476d975 .avia_textblock{\ncolor:#ffffff;\n}\n<\/style>\n<section  class='av_textblock_section av-jmi1jb8b-ae6c3d661ed3881e3abfe0a9f476d975 '   itemscope=\"itemscope\" itemtype=\"https:\/\/schema.org\/CreativeWork\" ><div class='avia_textblock av_inherit_color'  itemprop=\"text\" ><h2>DMC<strong style=\"color: #000;\">.<\/strong><\/h2>\n<p>Success Events ist eine Destination Management Company f\u00fcr die Benelux-Staaten und bietet jederzeit einen hervorragenden Service f\u00fcr jedes Projekt, das uns anvertraut wird. Wir stellen sicher, dass jedes Event zu einem unvergesslichen Erlebnis wird, Menschen motiviert und Unternehmen nach vorne bringt.<\/p>\n<\/div><\/section>\n<\/div><\/div>\n<style type=\"text\/css\" data-created_by=\"avia_inline_auto\" id=\"style-css-av-86dc42-142ef302fe0aa26139f2b1e792eed1d3\">\n.flex_cell.av-86dc42-142ef302fe0aa26139f2b1e792eed1d3{\nvertical-align:top;\nbackground-color:#292929;\n}\n.responsive #top #wrap_all .flex_cell.av-86dc42-142ef302fe0aa26139f2b1e792eed1d3{\npadding:90px 50px 90px 50px !important;\n}\n<\/style>\n<div class='flex_cell av-86dc42-142ef302fe0aa26139f2b1e792eed1d3 av-gridrow-cell av_one_third no_margin  avia-builder-el-4  el_after_av_cell_one_third  el_before_av_cell_one_third  avia-full-stretch'  ><div class='flex_cell_inner'>\n<style type=\"text\/css\" data-created_by=\"avia_inline_auto\" id=\"style-css-av-jmi1jb8b-ae6c3d661ed3881e3abfe0a9f476d975\">\n#top .av_textblock_section.av-jmi1jb8b-ae6c3d661ed3881e3abfe0a9f476d975 .avia_textblock{\ncolor:#ffffff;\n}\n<\/style>\n<section  class='av_textblock_section av-jmi1jb8b-ae6c3d661ed3881e3abfe0a9f476d975 '   itemscope=\"itemscope\" itemtype=\"https:\/\/schema.org\/CreativeWork\" ><div class='avia_textblock av_inherit_color'  itemprop=\"text\" ><h2>MICE<strong>.<\/strong><\/h2>\n<p>Success Events hat sich in den Punkten Meeting-Design, Corporate-Events und \u2013Programmen spezialisiert. Jederzeit ma\u00dfgeschneidert und auf h\u00f6chstem Niveau. Wir k\u00fcmmern uns um die gesamte Organisation, Durchf\u00fchrung und Abwicklung. Sie werden nat\u00fcrlich zu jeder Zeit auf dem laufenden gehalten, da die Kommunikation zwischen Ihnen und uns im Vordergrund steht!<\/p>\n<\/div><\/section>\n<\/div><\/div>\n<style type=\"text\/css\" data-created_by=\"avia_inline_auto\" id=\"style-css-av-7svp36-cfce7c6003c9e3c04932256972013651\">\n.flex_cell.av-7svp36-cfce7c6003c9e3c04932256972013651{\nvertical-align:top;\nbackground-color:#3c3c3c;\n}\n.responsive #top #wrap_all .flex_cell.av-7svp36-cfce7c6003c9e3c04932256972013651{\npadding:90px 50px 90px 50px !important;\n}\n<\/style>\n<div class='flex_cell av-7svp36-cfce7c6003c9e3c04932256972013651 av-gridrow-cell av_one_third no_margin  avia-builder-el-6  el_after_av_cell_one_third  avia-builder-el-last  avia-full-stretch'  ><div class='flex_cell_inner'>\n<style type=\"text\/css\" data-created_by=\"avia_inline_auto\" id=\"style-css-av-jmi1jb8b-ae6c3d661ed3881e3abfe0a9f476d975\">\n#top .av_textblock_section.av-jmi1jb8b-ae6c3d661ed3881e3abfe0a9f476d975 .avia_textblock{\ncolor:#ffffff;\n}\n<\/style>\n<section  class='av_textblock_section av-jmi1jb8b-ae6c3d661ed3881e3abfe0a9f476d975 '   itemscope=\"itemscope\" itemtype=\"https:\/\/schema.org\/CreativeWork\" ><div class='avia_textblock av_inherit_color'  itemprop=\"text\" ><h2> Produktion &#038; Design<strong>.<\/strong><\/h2>\n<p>Success Events \u00fcbernimmt gerne die Verantwortung des gesamten Kommunikationsprozesses um Ihre Veranstaltung. Denken Sie zum Beispiel an: Ank\u00fcndigungen \/ Einladungen, Abzeichen, Informationspakete mit Programmheften, Gep\u00e4ckanh\u00e4nger, Brosch\u00fcren, Banner, Pr\u00e4sentationen.<\/p>\n<\/div><\/section>\n<\/div><\/div>\n<\/div>\n\n<style type=\"text\/css\" data-created_by=\"avia_inline_auto\" id=\"style-css-av-6e75g2-87ec5a8aebffb94e5e30b6b2eafeaabf\">\n.avia-section.av-6e75g2-87ec5a8aebffb94e5e30b6b2eafeaabf{\nbackground-repeat:no-repeat;\nbackground-image:url(https:\/\/successevents.nl\/wp-content\/uploads\/2016\/05\/architecture-3279453_1920-1030x687.jpg);\nbackground-position:50% 50%;\nbackground-attachment:scroll;\n}\n.avia-section.av-6e75g2-87ec5a8aebffb94e5e30b6b2eafeaabf .av-section-color-overlay{\nopacity:0.5;\nbackground-color:#000000;\n}\n<\/style>\n<div id='av_section_1'  class='avia-section av-6e75g2-87ec5a8aebffb94e5e30b6b2eafeaabf header_color avia-section-huge avia-no-border-styling  avia-builder-el-8  el_after_av_layout_row  el_before_av_masonry_entries  avia-full-stretch avia-bg-style-scroll av-section-color-overlay-active container_wrap sidebar_right'  data-section-bg-repeat='stretch'><div class=\"av-section-color-overlay-wrap\"><div class=\"av-section-color-overlay\"><\/div><div class='container av-section-cont-open' ><div class='template-page content  av-content-small alpha units'><div class='post-entry post-entry-type-page post-entry-1194'><div class='entry-content-wrapper clearfix'>\n\n<style type=\"text\/css\" data-created_by=\"avia_inline_auto\" id=\"style-css-av-joyph5bm-59558de54aa06d6c8b6486a95a88c944\">\n#top .av-special-heading.av-joyph5bm-59558de54aa06d6c8b6486a95a88c944{\npadding-bottom:20px;\nfont-size:50px;\n}\nbody .av-special-heading.av-joyph5bm-59558de54aa06d6c8b6486a95a88c944 .av-special-heading-tag .heading-char{\nfont-size:25px;\n}\n#top #wrap_all .av-special-heading.av-joyph5bm-59558de54aa06d6c8b6486a95a88c944 .av-special-heading-tag{\nfont-size:50px;\n}\n.av-special-heading.av-joyph5bm-59558de54aa06d6c8b6486a95a88c944 .av-subheading{\nfont-size:15px;\n}\n\n@media only screen and (min-width: 480px) and (max-width: 767px){ \n#top #wrap_all .av-special-heading.av-joyph5bm-59558de54aa06d6c8b6486a95a88c944 .av-special-heading-tag{\nfont-size:0.8em;\n}\n}\n\n@media only screen and (max-width: 479px){ \n#top #wrap_all .av-special-heading.av-joyph5bm-59558de54aa06d6c8b6486a95a88c944 .av-special-heading-tag{\nfont-size:0.8em;\n}\n}\n<\/style>\n<div  class='av-special-heading av-joyph5bm-59558de54aa06d6c8b6486a95a88c944 av-special-heading-h1 blockquote modern-quote modern-centered  avia-builder-el-9  el_before_av_one_fifth  avia-builder-el-first  av-thin-font av-inherit-size'><h1 class='av-special-heading-tag'  itemprop=\"headline\"  >Ihr Erfolg<strong>.<\/strong><\/h1><div class=\"special-heading-border\"><div class=\"special-heading-inner-border\"><\/div><\/div><\/div>\n\n<style type=\"text\/css\" data-created_by=\"avia_inline_auto\" id=\"style-css-av-609rai-170eedb4a00e84a3222f240cef8ee264\">\n.flex_column.av-609rai-170eedb4a00e84a3222f240cef8ee264{\nborder-radius:0px 0px 0px 0px;\npadding:0px 0px 0px 0px;\n}\n<\/style>\n<div  class='flex_column av-609rai-170eedb4a00e84a3222f240cef8ee264 av_one_fifth  avia-builder-el-10  el_after_av_heading  el_before_av_three_fifth  first flex_column_div av-zero-column-padding  '     ><\/div>\n<style type=\"text\/css\" data-created_by=\"avia_inline_auto\" id=\"style-css-av-5vmj8a-ff509f96ce4a2ecc78a3fabd37972d9e\">\n.flex_column.av-5vmj8a-ff509f96ce4a2ecc78a3fabd37972d9e{\nborder-radius:0px 0px 0px 0px;\npadding:0px 0px 0px 0px;\n}\n<\/style>\n<div  class='flex_column av-5vmj8a-ff509f96ce4a2ecc78a3fabd37972d9e av_three_fifth  avia-builder-el-11  el_after_av_one_fifth  el_before_av_one_fifth  flex_column_div av-zero-column-padding  '     ><section  class='av_textblock_section av-5ndg0i-27d0d8c6ed5d0a3806feac277c954df7 '   itemscope=\"itemscope\" itemtype=\"https:\/\/schema.org\/CreativeWork\" ><div class='avia_textblock'  itemprop=\"text\" ><p style=\"text-align: center;\">Ihr Event \u2013 ein Meeting, Empfang, eine Produkteinf\u00fchrung, Brainstorming-Sitzung, Konferenz oder ein Networking-Cocktail und vieles mehr \u2013 muss etwas Besonders sein und sicherstellen, dass es ein unvergessliches Erlebnis wird.<\/p>\n<p style=\"text-align: center;\">Die Gestaltung Ihres Events ist nat\u00fcrlich von Ihrer Firmenphilosophie abh\u00e4ngig, wie auch ihren G\u00e4sten und deren Erwartungen.<\/p>\n<p style=\"text-align: center;\">Es geht um den Erfolg Ihrer Events!<\/p>\n<\/div><\/section><\/div>\n<style type=\"text\/css\" data-created_by=\"avia_inline_auto\" id=\"style-css-av-jxnwi-754b4f50c2726753b7ec14b6c1ea62a7\">\n.flex_column.av-jxnwi-754b4f50c2726753b7ec14b6c1ea62a7{\nborder-radius:0px 0px 0px 0px;\npadding:0px 0px 0px 0px;\n}\n<\/style>\n<div  class='flex_column av-jxnwi-754b4f50c2726753b7ec14b6c1ea62a7 av_one_fifth  avia-builder-el-13  el_after_av_three_fifth  avia-builder-el-last  flex_column_div av-zero-column-padding  '     ><\/div>\n\n\n<style type=\"text\/css\" data-created_by=\"avia_inline_auto\" id=\"style-css-av-5bdyu2-da1beff6361889740c6e46621bc155ac\">\n#top .av-masonry.av-5bdyu2-da1beff6361889740c6e46621bc155ac{\nbackground-color:#191919;\n}\n<\/style>\n<div id='av-masonry-1' class='av-masonry av-5bdyu2-da1beff6361889740c6e46621bc155ac noHover av-fixed-size av-large-gap av-hover-overlay-active av-masonry-animation-active av-masonry-col-3 av-caption-on-hover-hide av-caption-style-overlay av-masonry-entries ' data-post_id=\"1194\"><div class=\"av-masonry-container isotope av-js-disabled\"><div class='av-masonry-entry isotope-item av-masonry-item-no-image '><\/div><a href=\"https:\/\/successevents.nl\/de\/portfolio-item\/belgien-antwerpen\/\"  id='av-masonry-1-item-1231' data-av-masonry-item='1231' class='av-masonry-entry isotope-item post-1231 portfolio type-portfolio status-publish has-post-thumbnail hentry portfolio_entries-classes-de  av-masonry-item-with-image' title=\"belgium-1748930_1920\"   itemscope=\"itemscope\" itemtype=\"https:\/\/schema.org\/CreativeWork\" ><div class='av-inner-masonry-sizer'><\/div><figure class='av-inner-masonry main_color'><div class=\"av-masonry-outerimage-container\"><div class='av-masonry-image-container' style=\"background-image: url(https:\/\/successevents.nl\/wp-content\/uploads\/2016\/05\/belgium-1748930_1920-705x470.jpg);\"  title=\"belgium-1748930_1920\"  ><\/div><\/div><figcaption class='av-inner-masonry-content site-background'><div class='av-inner-masonry-content-pos'><div class='av-inner-masonry-content-pos-content'><div class='avia-arrow'><\/div><h3 class='av-masonry-entry-title entry-title '  itemprop=\"headline\" >Belgien &#8211; Antwerpen<\/h3><\/div><\/div><\/figcaption><\/figure><\/a><!--end av-masonry entry--><a href=\"https:\/\/successevents.nl\/de\/portfolio-item\/belgien-bruegge\/\"  id='av-masonry-1-item-1219' data-av-masonry-item='1219' class='av-masonry-entry isotope-item post-1219 portfolio type-portfolio status-publish has-post-thumbnail hentry portfolio_entries-classes-de  av-masonry-item-with-image' title=\"belgian-2115765_1920\"   itemscope=\"itemscope\" itemtype=\"https:\/\/schema.org\/CreativeWork\" ><div class='av-inner-masonry-sizer'><\/div><figure class='av-inner-masonry main_color'><div class=\"av-masonry-outerimage-container\"><div class='av-masonry-image-container' style=\"background-image: url(https:\/\/successevents.nl\/wp-content\/uploads\/2018\/10\/belgian-2115765_1920-705x470.jpg);\"  title=\"belgian-2115765_1920\"  ><\/div><\/div><figcaption class='av-inner-masonry-content site-background'><div class='av-inner-masonry-content-pos'><div class='av-inner-masonry-content-pos-content'><div class='avia-arrow'><\/div><h3 class='av-masonry-entry-title entry-title '  itemprop=\"headline\" >Belgien &#8211; Br\u00fcgge<\/h3><\/div><\/div><\/figcaption><\/figure><\/a><!--end av-masonry entry--><a href=\"https:\/\/successevents.nl\/de\/portfolio-item\/belgien-bruessel\/\"  id='av-masonry-1-item-1237' data-av-masonry-item='1237' class='av-masonry-entry isotope-item post-1237 portfolio type-portfolio status-publish has-post-thumbnail hentry portfolio_entries-classes-de  av-masonry-item-with-image' title=\"belgium-3590638_1920\"   itemscope=\"itemscope\" itemtype=\"https:\/\/schema.org\/CreativeWork\" ><div class='av-inner-masonry-sizer'><\/div><figure class='av-inner-masonry main_color'><div class=\"av-masonry-outerimage-container\"><div class='av-masonry-image-container' style=\"background-image: url(https:\/\/successevents.nl\/wp-content\/uploads\/2016\/05\/belgium-3590638_1920-705x470.jpg);\"  title=\"belgium-3590638_1920\"  ><\/div><\/div><figcaption class='av-inner-masonry-content site-background'><div class='av-inner-masonry-content-pos'><div class='av-inner-masonry-content-pos-content'><div class='avia-arrow'><\/div><h3 class='av-masonry-entry-title entry-title '  itemprop=\"headline\" >Belgien &#8211; Br\u00fcssel<\/h3><\/div><\/div><\/figcaption><\/figure><\/a><!--end av-masonry entry--><a href=\"https:\/\/successevents.nl\/de\/portfolio-item\/belgien-gent\/\"  id='av-masonry-1-item-1225' data-av-masonry-item='1225' class='av-masonry-entry isotope-item post-1225 portfolio type-portfolio status-publish has-post-thumbnail hentry portfolio_entries-classes-de  av-masonry-item-with-image' title=\"ghent-2428748_1920\"   itemscope=\"itemscope\" itemtype=\"https:\/\/schema.org\/CreativeWork\" ><div class='av-inner-masonry-sizer'><\/div><figure class='av-inner-masonry main_color'><div class=\"av-masonry-outerimage-container\"><div class='av-masonry-image-container' style=\"background-image: url(https:\/\/successevents.nl\/wp-content\/uploads\/2018\/10\/ghent-2428748_1920-705x447.jpg);\"  title=\"ghent-2428748_1920\"  ><\/div><\/div><figcaption class='av-inner-masonry-content site-background'><div class='av-inner-masonry-content-pos'><div class='av-inner-masonry-content-pos-content'><div class='avia-arrow'><\/div><h3 class='av-masonry-entry-title entry-title '  itemprop=\"headline\" >Belgien &#8211; Gent<\/h3><\/div><\/div><\/figcaption><\/figure><\/a><!--end av-masonry entry--><a href=\"https:\/\/successevents.nl\/de\/portfolio-item\/die-niederlande-delft\/\"  id='av-masonry-1-item-1250' data-av-masonry-item='1250' class='av-masonry-entry isotope-item post-1250 portfolio type-portfolio status-publish has-post-thumbnail hentry portfolio_entries-classes-de  av-masonry-item-with-image' title=\"Delft porcelein\"   itemscope=\"itemscope\" itemtype=\"https:\/\/schema.org\/CreativeWork\" ><div class='av-inner-masonry-sizer'><\/div><figure class='av-inner-masonry main_color'><div class=\"av-masonry-outerimage-container\"><div class='av-masonry-image-container' style=\"background-image: url(https:\/\/successevents.nl\/wp-content\/uploads\/2018\/10\/Delft-porcelein-705x470.jpg);\"  title=\"Delft porcelein\"  ><\/div><\/div><figcaption class='av-inner-masonry-content site-background'><div class='av-inner-masonry-content-pos'><div class='av-inner-masonry-content-pos-content'><div class='avia-arrow'><\/div><h3 class='av-masonry-entry-title entry-title '  itemprop=\"headline\" >Die Niederlande  &#8211; Delft<\/h3><\/div><\/div><\/figcaption><\/figure><\/a><!--end av-masonry entry--><a href=\"https:\/\/successevents.nl\/de\/portfolio-item\/die-niederlande-amsterdam\/\"  id='av-masonry-1-item-1270' data-av-masonry-item='1270' class='av-masonry-entry isotope-item post-1270 portfolio type-portfolio status-publish has-post-thumbnail hentry portfolio_entries-classes-de  av-masonry-item-with-image' title=\"amsterdam-988047_1920\"   itemscope=\"itemscope\" itemtype=\"https:\/\/schema.org\/CreativeWork\" ><div class='av-inner-masonry-sizer'><\/div><figure class='av-inner-masonry main_color'><div class=\"av-masonry-outerimage-container\"><div class='av-masonry-image-container' style=\"background-image: url(https:\/\/successevents.nl\/wp-content\/uploads\/2016\/05\/amsterdam-988047_1920-705x474.jpg);\"  title=\"amsterdam-988047_1920\"  ><\/div><\/div><figcaption class='av-inner-masonry-content site-background'><div class='av-inner-masonry-content-pos'><div class='av-inner-masonry-content-pos-content'><div class='avia-arrow'><\/div><h3 class='av-masonry-entry-title entry-title '  itemprop=\"headline\" >Die Niederlande &#8211; Amsterdam<\/h3><\/div><\/div><\/figcaption><\/figure><\/a><!--end av-masonry entry--><\/div><\/div>\n","protected":false},"excerpt":{"rendered":"","protected":false},"author":1,"featured_media":0,"parent":0,"menu_order":0,"comment_status":"closed","ping_status":"open","template":"","meta":{"footnotes":""},"_links":{"self":[{"href":"https:\/\/successevents.nl\/de\/wp-json\/wp\/v2\/pages\/1194"}],"collection":[{"href":"https:\/\/successevents.nl\/de\/wp-json\/wp\/v2\/pages"}],"about":[{"href":"https:\/\/successevents.nl\/de\/wp-json\/wp\/v2\/types\/page"}],"author":[{"embeddable":true,"href":"https:\/\/successevents.nl\/de\/wp-json\/wp\/v2\/users\/1"}],"replies":[{"embeddable":true,"href":"https:\/\/successevents.nl\/de\/wp-json\/wp\/v2\/comments?post=1194"}],"version-history":[{"count":8,"href":"https:\/\/successevents.nl\/de\/wp-json\/wp\/v2\/pages\/1194\/revisions"}],"predecessor-version":[{"id":1541,"href":"https:\/\/successevents.nl\/de\/wp-json\/wp\/v2\/pages\/1194\/revisions\/1541"}],"wp:attachment":[{"href":"https:\/\/successevents.nl\/de\/wp-json\/wp\/v2\/media?parent=1194"}],"curies":[{"name":"wp","href":"https:\/\/api.w.org\/{rel}","templated":true}]}}