{"id":1180,"date":"2018-11-13T22:42:12","date_gmt":"2018-11-13T22:42:12","guid":{"rendered":"http:\/\/successevents.nl\/contact\/"},"modified":"2023-09-06T00:34:36","modified_gmt":"2023-09-05T22:34:36","slug":"contact","status":"publish","type":"page","link":"https:\/\/successevents.nl\/fr\/contact\/","title":{"rendered":"Contact"},"content":{"rendered":"<div id='av_section_1'  class='avia-section av-4byvfd-54f2d314da7c742d8613e4a58d55d05e main_color avia-section-large avia-no-border-styling  avia-builder-el-0  el_before_av_section  avia-builder-el-first  avia-bg-style-scroll container_wrap sidebar_right'  ><div class='container av-section-cont-open' ><main  role=\"main\" itemprop=\"mainContentOfPage\"  class='template-page content  av-content-small alpha units'><div class='post-entry post-entry-type-page post-entry-1180'><div class='entry-content-wrapper clearfix'>\n\n<style type=\"text\/css\" data-created_by=\"avia_inline_auto\" id=\"style-css-av-1uh2lo-e929bf02af537d073f167323037cfcbb\">\n#top .av-special-heading.av-1uh2lo-e929bf02af537d073f167323037cfcbb{\npadding-bottom:30px;\nfont-size:70px;\n}\nbody .av-special-heading.av-1uh2lo-e929bf02af537d073f167323037cfcbb .av-special-heading-tag .heading-char{\nfont-size:25px;\n}\n#top #wrap_all .av-special-heading.av-1uh2lo-e929bf02af537d073f167323037cfcbb .av-special-heading-tag{\nfont-size:70px;\n}\n.av-special-heading.av-1uh2lo-e929bf02af537d073f167323037cfcbb .av-subheading{\nfont-size:15px;\n}\n\n@media only screen and (min-width: 480px) and (max-width: 767px){ \n#top #wrap_all .av-special-heading.av-1uh2lo-e929bf02af537d073f167323037cfcbb .av-special-heading-tag{\nfont-size:0.8em;\n}\n}\n\n@media only screen and (max-width: 479px){ \n#top #wrap_all .av-special-heading.av-1uh2lo-e929bf02af537d073f167323037cfcbb .av-special-heading-tag{\nfont-size:0.8em;\n}\n}\n<\/style>\n<div  class='av-special-heading av-1uh2lo-e929bf02af537d073f167323037cfcbb av-special-heading-h1 blockquote modern-quote  avia-builder-el-1  el_before_av_one_half  avia-builder-el-first  av-thin-font av-inherit-size'><h1 class='av-special-heading-tag'  itemprop=\"headline\"  >Contact<strong>.<\/strong><\/h1><div class=\"special-heading-border\"><div class=\"special-heading-inner-border\"><\/div><\/div><\/div>\n\n<style type=\"text\/css\" data-created_by=\"avia_inline_auto\" id=\"style-css-av-42gwgx-89d645a55587cdfe6c92620d2221a0d3\">\n.flex_column.av-42gwgx-89d645a55587cdfe6c92620d2221a0d3{\nborder-radius:0px 0px 0px 0px;\npadding:0px 0px 0px 0px;\n}\n<\/style>\n<div  class='flex_column av-42gwgx-89d645a55587cdfe6c92620d2221a0d3 av_one_half  avia-builder-el-2  el_after_av_heading  el_before_av_one_half  first flex_column_div av-zero-column-padding  '     ><p><section  class='av_textblock_section av-3y91nd-07d5842c2d6d296be0eae3c52d1268b5 '   itemscope=\"itemscope\" itemtype=\"https:\/\/schema.org\/CreativeWork\" ><div class='avia_textblock'  itemprop=\"text\" ><p>L\u2019\u00e9quipe de Success Events assurera une r\u00e9ponse rapide et aimerait r\u00e9fl\u00e9chir avec vous au sujet de votre demande. Appelez-nous ou laissez vos coordonn\u00e9es et votre message ci-dessous afin que nous puissions d\u00e9j\u00e0 pr\u00e9parer quelque chose avant de vous rappeler!<\/p>\n<div id=\"ConnectiveDocSignExtentionInstalled\" data-extension-version=\"1.0.4\"><\/div>\n<div id=\"ConnectiveDocSignExtentionInstalled\" data-extension-version=\"1.0.4\"><\/div>\n<\/div><\/section><br \/>\n<section  class='av_textblock_section av-3lwepd-741bead18091e1452b22db11aaa9d2b2 '   itemscope=\"itemscope\" itemtype=\"https:\/\/schema.org\/CreativeWork\" ><div class='avia_textblock'  itemprop=\"text\" ><p><strong>Success Events<\/strong><br \/>\nDMC | Incentives | Meetings | Events Creator<br \/>\nPostbus 109, 2110 AC Aerdenhout, The Netherlands<br \/>\nt +31 (0)252 42 52 62<br \/>\ne\u00a0<a href=\"mailto:info@successevents.nl\">info@successevents.nl<\/a><\/p>\n<\/div><\/section><\/p><\/div>\n<style type=\"text\/css\" data-created_by=\"avia_inline_auto\" id=\"style-css-av-3obsjd-84c7954259b0d39a052791c728d5fa02\">\n.flex_column.av-3obsjd-84c7954259b0d39a052791c728d5fa02{\nborder-radius:0px 0px 0px 0px;\npadding:0px 0px 0px 0px;\n}\n<\/style>\n<div  class='flex_column av-3obsjd-84c7954259b0d39a052791c728d5fa02 av_one_half  avia-builder-el-5  el_after_av_one_half  avia-builder-el-last  flex_column_div av-zero-column-padding  '     ><\/div>\n\n<\/div><\/div><\/main><!-- close content main element --><\/div><\/div>\n<style type=\"text\/css\" data-created_by=\"avia_inline_auto\" id=\"style-css-av-34j4o9-0f6dbca712f684ba8436a39f5743be88\">\n.avia-section.av-34j4o9-0f6dbca712f684ba8436a39f5743be88{\nbackground-repeat:no-repeat;\nbackground-image:url(https:\/\/successevents.nl\/wp-content\/uploads\/2018\/09\/headers-home2-1030x428.jpg);\nbackground-position:50% 50%;\nbackground-attachment:fixed;\n}\n.avia-section.av-34j4o9-0f6dbca712f684ba8436a39f5743be88 .av-section-color-overlay{\nopacity:0.8;\nbackground-color:#000000;\n}\n<\/style>\n<div id='av_section_2'  class='avia-section av-34j4o9-0f6dbca712f684ba8436a39f5743be88 alternate_color avia-section-huge avia-no-border-styling  avia-builder-el-6  el_after_av_section  avia-builder-el-last  avia-full-stretch avia-bg-style-fixed av-section-color-overlay-active container_wrap sidebar_right'  data-section-bg-repeat='stretch'><div class=\"av-section-color-overlay-wrap\"><div class=\"av-section-color-overlay\"><\/div><div class='container av-section-cont-open' ><div class='template-page content  av-content-small alpha units'><div class='post-entry post-entry-type-page post-entry-1180'><div class='entry-content-wrapper clearfix'>\n\n<style type=\"text\/css\" data-created_by=\"avia_inline_auto\" id=\"style-css-av-1s6049-8aa827402a0142be10444f7af0065cc1\">\n.flex_column.av-1s6049-8aa827402a0142be10444f7af0065cc1{\nborder-radius:0px 0px 0px 0px;\npadding:0px 0px 0px 0px;\n}\n<\/style>\n<div  class='flex_column av-1s6049-8aa827402a0142be10444f7af0065cc1 av_one_fifth  avia-builder-el-7  el_before_av_three_fifth  avia-builder-el-first  first flex_column_div av-zero-column-padding  '     ><\/div>\n<style type=\"text\/css\" data-created_by=\"avia_inline_auto\" id=\"style-css-av-2yskpt-aac91583710e6011b703c926b082c6aa\">\n.flex_column.av-2yskpt-aac91583710e6011b703c926b082c6aa{\nborder-radius:0px 0px 0px 0px;\npadding:0px 0px 0px 0px;\n}\n<\/style>\n<div  class='flex_column av-2yskpt-aac91583710e6011b703c926b082c6aa av_three_fifth  avia-builder-el-8  el_after_av_one_fifth  el_before_av_one_fifth  flex_column_div av-zero-column-padding  '     ><p>\n<style type=\"text\/css\" data-created_by=\"avia_inline_auto\" id=\"style-css-av-2dvsx8-5ce2d40f8a835699d380f6d507faa4dd\">\n#top .av-special-heading.av-2dvsx8-5ce2d40f8a835699d380f6d507faa4dd{\npadding-bottom:20px;\nfont-size:50px;\n}\nbody .av-special-heading.av-2dvsx8-5ce2d40f8a835699d380f6d507faa4dd .av-special-heading-tag .heading-char{\nfont-size:25px;\n}\n#top #wrap_all .av-special-heading.av-2dvsx8-5ce2d40f8a835699d380f6d507faa4dd .av-special-heading-tag{\nfont-size:50px;\n}\n.av-special-heading.av-2dvsx8-5ce2d40f8a835699d380f6d507faa4dd .av-subheading{\nfont-size:15px;\n}\n\n@media only screen and (min-width: 480px) and (max-width: 767px){ \n#top #wrap_all .av-special-heading.av-2dvsx8-5ce2d40f8a835699d380f6d507faa4dd .av-special-heading-tag{\nfont-size:0.8em;\n}\n}\n\n@media only screen and (max-width: 479px){ \n#top #wrap_all .av-special-heading.av-2dvsx8-5ce2d40f8a835699d380f6d507faa4dd .av-special-heading-tag{\nfont-size:0.8em;\n}\n}\n<\/style>\n<div  class='av-special-heading av-2dvsx8-5ce2d40f8a835699d380f6d507faa4dd av-special-heading-h1 blockquote modern-quote modern-centered  avia-builder-el-9  el_before_av_contact  avia-builder-el-first  av-thin-font av-inherit-size'><h1 class='av-special-heading-tag'  itemprop=\"headline\"  >Prenez contact<strong>.<\/strong><\/h1><div class=\"special-heading-border\"><div class=\"special-heading-inner-border\"><\/div><\/div><\/div><br \/>\n<form action=\"https:\/\/successevents.nl\/fr\/contact\/\" method=\"post\" data-fields-with-error=\"Erreurs trouv\u00e9es dans les champs suivants :\" class=\"avia_ajax_form av-form-labels-hidden   avia-builder-el-10  el_after_av_heading  avia-builder-el-last  av-custom-form-color av-light-form \" data-avia-form-id=\"1\" data-avia-redirect='' ><fieldset><p class='  first_form  form_element form_element_half' id='element_avia_1_1'><label for=\"avia_1_1\">Nom <abbr class=\"required\" title=\"requis(e)\">*<\/abbr><\/label> <input name=\"avia_1_1\" class=\"text_input is_empty\" type=\"text\" id=\"avia_1_1\" value=\"\"  placeholder='Nom*'\/><\/p><p class='  form_element form_element_half' id='element_avia_2_1'><label for=\"avia_2_1\">Soci\u00e9t\u00e9 <abbr class=\"required\" title=\"requis(e)\">*<\/abbr><\/label> <input name=\"avia_2_1\" class=\"text_input is_empty\" type=\"text\" id=\"avia_2_1\" value=\"\"  placeholder='Soci\u00e9t\u00e9*'\/><\/p><p class='  first_form  form_element form_element_half' id='element_avia_3_1'><label for=\"avia_3_1\">E-mail <abbr class=\"required\" title=\"requis(e)\">*<\/abbr><\/label> <input name=\"avia_3_1\" class=\"text_input is_email\" type=\"text\" id=\"avia_3_1\" value=\"\"  placeholder='E-mail*'\/><\/p><p class='  form_element form_element_half' id='element_avia_4_1'><label for=\"avia_4_1\">T\u00e9l\u00e9phone<\/label> <input name=\"avia_4_1\" class=\"text_input \" type=\"text\" id=\"avia_4_1\" value=\"\"  placeholder='T\u00e9l\u00e9phone'\/><\/p><p class='  first_form  form_element form_fullwidth' id='element_avia_5_1'><label for=\"avia_5_1\">Votre question <abbr class=\"required\" title=\"requis(e)\">*<\/abbr><\/label><select multiple name=\"avia_5_1\" class=\"select is_empty av-multi-select\" id=\"avia_5_1\"><option class=\"av-placeholder\" disabled=\"disabled\"  value=''>Votre question*<\/option><option   value='Incentive'>Incentive<\/option><option   value='Meeting'>Meeting<\/option><\/select><\/p><p class='  first_form  form_element form_fullwidth' id='element_avia_6_1'><label for=\"avia_6_1\" class=\"textare_label hidden textare_label_avia_6_1\">Message <abbr class=\"required\" title=\"requis(e)\">*<\/abbr><\/label><textarea  placeholder='Message*' name=\"avia_6_1\" class=\"text_area is_empty\" cols=\"40\" rows=\"7\" id=\"avia_6_1\" ><\/textarea><\/p><p class=\"hidden\"><input type=\"text\" name=\"avia_7_1\" class=\"hidden \" id=\"avia_7_1\" value=\"\" \/><\/p><div id='avia_8_1' class='av-recaptcha-area  first_form  form_element form_fullwidth av-last-visible-form-element '  data-container_class=\"\" data-custom_class=\"\" data-context=\"av_contact_form\" data-token_input=\"av_recaptcha_token\" data-version=\"avia_recaptcha_v2\" data-theme=\"dark\" data-size=\"normal\" data-score=\"0.5\" data-text_to_preview=\"\" data-value=\"\"><div class=\"av-google-badge-message hidden\">Ce site est prot\u00e9g\u00e9 par reCAPTCHA et la <a href=\"https:\/\/policies.google.com\/privacy\">politique de confidentialit\u00e9<\/a> de Google et <a href=\"https:\/\/policies.google.com\/terms\">leur conditions d\u2019utilisation<\/a> s\u2019appliquent.<\/div><\/div><p class=' av_form_privacy_check av_contact_privacy_check first_form  form_element form_fullwidth' id='element_avia_9_1'><input  name=\"avia_9_1\" class=\"input_checkbox is_empty\" type=\"checkbox\" id=\"avia_9_1\" value=\"true\"\/><label class=\"input_checkbox_label\" for=\"avia_9_1\">Je suis d'accord avec les <a href='https:\/\/successevents.nl\/nl\/privacy-policy\/' target='_blank' rel=\"noopener\">termes et conditions de la vie priv\u00e9e<\/a> <abbr class=\"required\" title=\"requis(e)\">*<\/abbr><\/label><\/p><p class=\"form_element \"><input type=\"hidden\" value=\"1\" name=\"avia_generated_form1\" \/><input type=\"submit\" value=\"Envoyer\" class=\"button\"  data-sending-label=\"Envoi\"\/><\/p><\/fieldset><div class=\"avia-disabled-form\">Ce formulaire est d\u00e9sactiv\u00e9 dans la mesure o\u00f9 vous refusez d\u2019accepter le service Google reCAPTCHA n\u00e9cessaire pour valider toute exp\u00e9dition de message depuis celui-ci.<\/div><\/form><div id=\"ajaxresponse_1\" class=\"ajaxresponse ajaxresponse_1 hidden\"><\/div><\/p><\/div>\n<style type=\"text\/css\" data-created_by=\"avia_inline_auto\" id=\"style-css-av-1s6049-2873efea3a7f08206ec2c4dc0ba27bdf\">\n.flex_column.av-1s6049-2873efea3a7f08206ec2c4dc0ba27bdf{\nborder-radius:0px 0px 0px 0px;\npadding:0px 0px 0px 0px;\n}\n<\/style>\n<div  class='flex_column av-1s6049-2873efea3a7f08206ec2c4dc0ba27bdf av_one_fifth  avia-builder-el-11  el_after_av_three_fifth  avia-builder-el-last  flex_column_div av-zero-column-padding  '     ><\/div><\/div><\/div><\/div><!-- close content main div --><\/div><\/div><\/div><div id='after_section_2'  class='main_color av_default_container_wrap container_wrap sidebar_right'  ><div class='container av-section-cont-open' ><div class='template-page content  av-content-small alpha units'><div class='post-entry post-entry-type-page post-entry-1180'><div class='entry-content-wrapper clearfix'>\n","protected":false},"excerpt":{"rendered":"","protected":false},"author":1,"featured_media":0,"parent":0,"menu_order":0,"comment_status":"closed","ping_status":"closed","template":"","meta":{"footnotes":""},"_links":{"self":[{"href":"https:\/\/successevents.nl\/fr\/wp-json\/wp\/v2\/pages\/1180"}],"collection":[{"href":"https:\/\/successevents.nl\/fr\/wp-json\/wp\/v2\/pages"}],"about":[{"href":"https:\/\/successevents.nl\/fr\/wp-json\/wp\/v2\/types\/page"}],"author":[{"embeddable":true,"href":"https:\/\/successevents.nl\/fr\/wp-json\/wp\/v2\/users\/1"}],"replies":[{"embeddable":true,"href":"https:\/\/successevents.nl\/fr\/wp-json\/wp\/v2\/comments?post=1180"}],"version-history":[{"count":5,"href":"https:\/\/successevents.nl\/fr\/wp-json\/wp\/v2\/pages\/1180\/revisions"}],"predecessor-version":[{"id":1829,"href":"https:\/\/successevents.nl\/fr\/wp-json\/wp\/v2\/pages\/1180\/revisions\/1829"}],"wp:attachment":[{"href":"https:\/\/successevents.nl\/fr\/wp-json\/wp\/v2\/media?parent=1180"}],"curies":[{"name":"wp","href":"https:\/\/api.w.org\/{rel}","templated":true}]}}