{"id":1186,"date":"2018-11-13T22:41:06","date_gmt":"2018-11-13T22:41:06","guid":{"rendered":"http:\/\/successevents.nl\/our-success-factors\/"},"modified":"2019-01-15T20:45:09","modified_gmt":"2019-01-15T19:45:09","slug":"nos-facteurs-de-succes","status":"publish","type":"page","link":"https:\/\/successevents.nl\/fr\/nos-facteurs-de-succes\/","title":{"rendered":"Nos facteurs de succ\u00e8s"},"content":{"rendered":"<div id='av_section_1'  class='avia-section av-3dkmaw-aeba63c56d1189dc4b7a945ea6c0b955 main_color avia-section-large avia-no-border-styling  avia-builder-el-0  el_before_av_layout_row  avia-builder-el-first  avia-bg-style-scroll container_wrap sidebar_right'  ><div class='container av-section-cont-open' ><main  role=\"main\" itemprop=\"mainContentOfPage\"  class='template-page content  av-content-small alpha units'><div class='post-entry post-entry-type-page post-entry-1186'><div class='entry-content-wrapper clearfix'>\n\n<style type=\"text\/css\" data-created_by=\"avia_inline_auto\" id=\"style-css-av-av_heading-0e0630b02035aea2db4531165808b25e\">\n#top .av-special-heading.av-av_heading-0e0630b02035aea2db4531165808b25e{\npadding-bottom:30px;\nfont-size:70px;\n}\nbody .av-special-heading.av-av_heading-0e0630b02035aea2db4531165808b25e .av-special-heading-tag .heading-char{\nfont-size:25px;\n}\n#top #wrap_all .av-special-heading.av-av_heading-0e0630b02035aea2db4531165808b25e .av-special-heading-tag{\nfont-size:70px;\n}\n.av-special-heading.av-av_heading-0e0630b02035aea2db4531165808b25e .av-subheading{\nfont-size:15px;\n}\n\n@media only screen and (min-width: 480px) and (max-width: 767px){ \n#top #wrap_all .av-special-heading.av-av_heading-0e0630b02035aea2db4531165808b25e .av-special-heading-tag{\nfont-size:0.8em;\n}\n}\n\n@media only screen and (max-width: 479px){ \n#top #wrap_all .av-special-heading.av-av_heading-0e0630b02035aea2db4531165808b25e .av-special-heading-tag{\nfont-size:0.8em;\n}\n}\n<\/style>\n<div  class='av-special-heading av-av_heading-0e0630b02035aea2db4531165808b25e av-special-heading-h1 blockquote modern-quote  avia-builder-el-1  el_before_av_one_full  avia-builder-el-first  av-thin-font av-inherit-size'><h1 class='av-special-heading-tag'  itemprop=\"headline\"  >Nos facteurs de succ\u00e8s<strong>.<\/strong><\/h1><div class=\"special-heading-border\"><div class=\"special-heading-inner-border\"><\/div><\/div><\/div>\n\n<style type=\"text\/css\" data-created_by=\"avia_inline_auto\" id=\"style-css-av-32pqjk-4f91fcad5b3e690073d0f848fa3b1b37\">\n.flex_column.av-32pqjk-4f91fcad5b3e690073d0f848fa3b1b37{\nborder-radius:0px 0px 0px 0px;\npadding:0px 0px 0px 0px;\n}\n<\/style>\n<div  class='flex_column av-32pqjk-4f91fcad5b3e690073d0f848fa3b1b37 av_one_full  avia-builder-el-2  el_after_av_heading  avia-builder-el-last  first flex_column_div av-zero-column-padding  '     ><section  class='av_textblock_section av-2vfiq8-d76528ca40bab965c88390497553d04c '   itemscope=\"itemscope\" itemtype=\"https:\/\/schema.org\/CreativeWork\" ><div class='avia_textblock'  itemprop=\"text\" ><p><strong>Pourquoi voudriez-vous nous laisser votre succ\u00e8s?<\/strong><\/p>\n<p>En ce qui concerne ce que nos clients disent de nous, voici les facteurs les plus importants de SUCCESS EVENTS:<\/p>\n<div id=\"ConnectiveDocSignExtentionInstalled\" data-extension-version=\"1.0.4\"><\/div>\n<div id=\"ConnectiveDocSignExtentionInstalled\" data-extension-version=\"1.0.4\"><\/div>\n<\/div><\/section><\/div><\/div><\/div><\/main><!-- close content main element --><\/div><\/div><div id='av-layout-grid-1'  class='av-layout-grid-container av-2f0g6g-ff130d73ac3a4a8d89e9e76922175633 entry-content-wrapper alternate_color av-flex-cells  avia-builder-el-4  el_after_av_section  el_before_av_layout_row  grid-row-not-first  container_wrap sidebar_right'  >\n\n<style type=\"text\/css\" data-created_by=\"avia_inline_auto\" id=\"style-css-av-26d98w-c778f1fc506c752fb2fde257a2eb2f7e\">\n.flex_cell.av-26d98w-c778f1fc506c752fb2fde257a2eb2f7e{\nvertical-align:top;\nbackground-color:#f17f3b;\n}\n.responsive #top #wrap_all .flex_cell.av-26d98w-c778f1fc506c752fb2fde257a2eb2f7e{\npadding:100px 100px 100px 100px !important;\n}\n<\/style>\n<div class='flex_cell av-26d98w-c778f1fc506c752fb2fde257a2eb2f7e av-gridrow-cell av_one_half no_margin  avia-builder-el-5  el_before_av_cell_one_half  avia-builder-el-first  avia-full-stretch'  ><div class='flex_cell_inner'><p>\n<style type=\"text\/css\" data-created_by=\"avia_inline_auto\" id=\"style-css-av-jot3zsnr-2164a442f814d2713d799044a14ed9dc\">\n#top .av-special-heading.av-jot3zsnr-2164a442f814d2713d799044a14ed9dc{\npadding-bottom:20px;\nfont-size:50px;\n}\nbody .av-special-heading.av-jot3zsnr-2164a442f814d2713d799044a14ed9dc .av-special-heading-tag .heading-char{\nfont-size:25px;\n}\n#top #wrap_all .av-special-heading.av-jot3zsnr-2164a442f814d2713d799044a14ed9dc .av-special-heading-tag{\nfont-size:50px;\n}\n.av-special-heading.av-jot3zsnr-2164a442f814d2713d799044a14ed9dc .av-subheading{\nfont-size:15px;\n}\n\n@media only screen and (min-width: 480px) and (max-width: 767px){ \n#top #wrap_all .av-special-heading.av-jot3zsnr-2164a442f814d2713d799044a14ed9dc .av-special-heading-tag{\nfont-size:0.8em;\n}\n}\n\n@media only screen and (max-width: 479px){ \n#top #wrap_all .av-special-heading.av-jot3zsnr-2164a442f814d2713d799044a14ed9dc .av-special-heading-tag{\nfont-size:0.8em;\n}\n}\n<\/style>\n<div  class='av-special-heading av-jot3zsnr-2164a442f814d2713d799044a14ed9dc av-special-heading-h1 blockquote modern-quote  avia-builder-el-6  el_before_av_textblock  avia-builder-el-first  av-inherit-size'><h1 class='av-special-heading-tag'  itemprop=\"headline\"  >Cr\u00e9ativit\u00e9<br \/>et Observateur de tendances<strong style=\"color: #000;\">.<\/strong><\/h1><div class=\"special-heading-border\"><div class=\"special-heading-inner-border\"><\/div><\/div><\/div><br \/>\n<section  class='av_textblock_section av-1oq9og-9f92208e8eeedc1fa80142dcd64ea673 '   itemscope=\"itemscope\" itemtype=\"https:\/\/schema.org\/CreativeWork\" ><div class='avia_textblock'  itemprop=\"text\" ><p>Sur base de votre briefing, nous rechercherons toujours des id\u00e9es pratiques et originales pour votre \u00e9v\u00e9nement ou votre projet. Nous sommes constamment \u00e0 la recherche de nouveaux produits, de nouveaux sites et nous veillons \u00e0 rester au fait des nouvelles tendances et \u00e9volutions du march\u00e9.<\/p>\n<\/div><\/section><\/p>\n<\/div><\/div>\n<style type=\"text\/css\" data-created_by=\"avia_inline_auto\" id=\"style-css-av-2294oo-c08450b64ba4460adb38f90fd89fd8ab\">\n.flex_cell.av-2294oo-c08450b64ba4460adb38f90fd89fd8ab{\nvertical-align:top;\nbackground-color:#292929;\n}\n.responsive #top #wrap_all .flex_cell.av-2294oo-c08450b64ba4460adb38f90fd89fd8ab{\npadding:100px 100px 100px 100px !important;\n}\n<\/style>\n<div class='flex_cell av-2294oo-c08450b64ba4460adb38f90fd89fd8ab av-gridrow-cell av_one_half no_margin  avia-builder-el-8  el_after_av_cell_one_half  avia-builder-el-last '  ><div class='flex_cell_inner'><p>\n<style type=\"text\/css\" data-created_by=\"avia_inline_auto\" id=\"style-css-av-jot40km0-57a6b01ac9323509af71d8940f12a2b0\">\n#top .av-special-heading.av-jot40km0-57a6b01ac9323509af71d8940f12a2b0{\npadding-bottom:20px;\nfont-size:50px;\n}\nbody .av-special-heading.av-jot40km0-57a6b01ac9323509af71d8940f12a2b0 .av-special-heading-tag .heading-char{\nfont-size:25px;\n}\n#top #wrap_all .av-special-heading.av-jot40km0-57a6b01ac9323509af71d8940f12a2b0 .av-special-heading-tag{\nfont-size:50px;\n}\n.av-special-heading.av-jot40km0-57a6b01ac9323509af71d8940f12a2b0 .av-subheading{\nfont-size:15px;\n}\n\n@media only screen and (min-width: 480px) and (max-width: 767px){ \n#top #wrap_all .av-special-heading.av-jot40km0-57a6b01ac9323509af71d8940f12a2b0 .av-special-heading-tag{\nfont-size:0.8em;\n}\n}\n\n@media only screen and (max-width: 479px){ \n#top #wrap_all .av-special-heading.av-jot40km0-57a6b01ac9323509af71d8940f12a2b0 .av-special-heading-tag{\nfont-size:0.8em;\n}\n}\n<\/style>\n<div  class='av-special-heading av-jot40km0-57a6b01ac9323509af71d8940f12a2b0 av-special-heading-h1 blockquote modern-quote  avia-builder-el-9  el_before_av_textblock  avia-builder-el-first  av-thin-font av-inherit-size'><h1 class='av-special-heading-tag'  itemprop=\"headline\"  >Sens<br \/>du d\u00e9tail<strong>.<\/strong><\/h1><div class=\"special-heading-border\"><div class=\"special-heading-inner-border\"><\/div><\/div><\/div><br \/>\n<section  class='av_textblock_section av-1oq9og-9f92208e8eeedc1fa80142dcd64ea673 '   itemscope=\"itemscope\" itemtype=\"https:\/\/schema.org\/CreativeWork\" ><div class='avia_textblock'  itemprop=\"text\" ><p>Les d\u00e9tails font la diff\u00e9rence. C&rsquo;est pourquoi nous accordons une attention particuli\u00e8re \u00e0 ces d\u00e9tails tout au long du d\u00e9veloppement et de la dur\u00e9e de l&rsquo;\u00e9v\u00e9nement ou du programme.<\/p>\n<\/div><\/section><\/p>\n<\/div><\/div>\n<\/div><\/p>\n<div id='av-layout-grid-2'  class='av-layout-grid-container av-2f0g6g-27e9c95c214200848388d062aa33f285 entry-content-wrapper alternate_color av-flex-cells  avia-builder-el-11  el_after_av_layout_row  el_before_av_layout_row  grid-row-not-first  container_wrap sidebar_right'  >\n\n<style type=\"text\/css\" data-created_by=\"avia_inline_auto\" id=\"style-css-av-26d98w-7b695c2eced335e61fd3003e5789b432\">\n.flex_cell.av-26d98w-7b695c2eced335e61fd3003e5789b432{\nvertical-align:top;\nbackground-color:#292929;\n}\n.responsive #top #wrap_all .flex_cell.av-26d98w-7b695c2eced335e61fd3003e5789b432{\npadding:100px 100px 100px 100px !important;\n}\n<\/style>\n<div class='flex_cell av-26d98w-7b695c2eced335e61fd3003e5789b432 av-gridrow-cell av_one_half no_margin  avia-builder-el-12  el_before_av_cell_one_half  avia-builder-el-first  avia-full-stretch'  ><div class='flex_cell_inner'><p>\n<style type=\"text\/css\" data-created_by=\"avia_inline_auto\" id=\"style-css-av-jot410jr-b263351bfb3c585b3c686a0bc12cf4ed\">\n#top .av-special-heading.av-jot410jr-b263351bfb3c585b3c686a0bc12cf4ed{\npadding-bottom:20px;\nfont-size:50px;\n}\nbody .av-special-heading.av-jot410jr-b263351bfb3c585b3c686a0bc12cf4ed .av-special-heading-tag .heading-char{\nfont-size:25px;\n}\n#top #wrap_all .av-special-heading.av-jot410jr-b263351bfb3c585b3c686a0bc12cf4ed .av-special-heading-tag{\nfont-size:50px;\n}\n.av-special-heading.av-jot410jr-b263351bfb3c585b3c686a0bc12cf4ed .av-subheading{\nfont-size:15px;\n}\n\n@media only screen and (min-width: 480px) and (max-width: 767px){ \n#top #wrap_all .av-special-heading.av-jot410jr-b263351bfb3c585b3c686a0bc12cf4ed .av-special-heading-tag{\nfont-size:0.8em;\n}\n}\n\n@media only screen and (max-width: 479px){ \n#top #wrap_all .av-special-heading.av-jot410jr-b263351bfb3c585b3c686a0bc12cf4ed .av-special-heading-tag{\nfont-size:0.8em;\n}\n}\n<\/style>\n<div  class='av-special-heading av-jot410jr-b263351bfb3c585b3c686a0bc12cf4ed av-special-heading-h1 blockquote modern-quote  avia-builder-el-13  el_before_av_textblock  avia-builder-el-first  av-thin-font av-inherit-size'><h1 class='av-special-heading-tag'  itemprop=\"headline\"  >Communication<br \/>et Information<strong>.<\/strong><\/h1><div class=\"special-heading-border\"><div class=\"special-heading-inner-border\"><\/div><\/div><\/div><br \/>\n<section  class='av_textblock_section av-1oq9og-9f92208e8eeedc1fa80142dcd64ea673 '   itemscope=\"itemscope\" itemtype=\"https:\/\/schema.org\/CreativeWork\" ><div class='avia_textblock'  itemprop=\"text\" ><p>La communication est tr\u00e8s importante pour le succ\u00e8s de votre \u00e9v\u00e9nement. entre vous et nous, mais aussi avec toutes les personnes qui participent au programme et \u00e0 la conduite de l&rsquo;\u00e9v\u00e9nement. Les informations doivent donc \u00eatre claires et transparentes, c&rsquo;est pourquoi nous vous tenons r\u00e9guli\u00e8rement inform\u00e9s.<\/p>\n<\/div><\/section><\/p>\n<\/div><\/div>\n<style type=\"text\/css\" data-created_by=\"avia_inline_auto\" id=\"style-css-av-2294oo-255cd4de3b95ba2e128060e44e5d1414\">\n.flex_cell.av-2294oo-255cd4de3b95ba2e128060e44e5d1414{\nvertical-align:top;\nbackground-color:#3c3c3c;\n}\n.responsive #top #wrap_all .flex_cell.av-2294oo-255cd4de3b95ba2e128060e44e5d1414{\npadding:100px 100px 100px 100px !important;\n}\n<\/style>\n<div class='flex_cell av-2294oo-255cd4de3b95ba2e128060e44e5d1414 av-gridrow-cell av_one_half no_margin  avia-builder-el-15  el_after_av_cell_one_half  avia-builder-el-last '  ><div class='flex_cell_inner'><p>\n<style type=\"text\/css\" data-created_by=\"avia_inline_auto\" id=\"style-css-av-jot41ncp-dfeb9c9945477785a0b8b3a2516c633e\">\n#top .av-special-heading.av-jot41ncp-dfeb9c9945477785a0b8b3a2516c633e{\npadding-bottom:20px;\nfont-size:50px;\n}\nbody .av-special-heading.av-jot41ncp-dfeb9c9945477785a0b8b3a2516c633e .av-special-heading-tag .heading-char{\nfont-size:25px;\n}\n#top #wrap_all .av-special-heading.av-jot41ncp-dfeb9c9945477785a0b8b3a2516c633e .av-special-heading-tag{\nfont-size:50px;\n}\n.av-special-heading.av-jot41ncp-dfeb9c9945477785a0b8b3a2516c633e .av-subheading{\nfont-size:15px;\n}\n\n@media only screen and (min-width: 480px) and (max-width: 767px){ \n#top #wrap_all .av-special-heading.av-jot41ncp-dfeb9c9945477785a0b8b3a2516c633e .av-special-heading-tag{\nfont-size:0.8em;\n}\n}\n\n@media only screen and (max-width: 479px){ \n#top #wrap_all .av-special-heading.av-jot41ncp-dfeb9c9945477785a0b8b3a2516c633e .av-special-heading-tag{\nfont-size:0.8em;\n}\n}\n<\/style>\n<div  class='av-special-heading av-jot41ncp-dfeb9c9945477785a0b8b3a2516c633e av-special-heading-h1 blockquote modern-quote  avia-builder-el-16  el_before_av_textblock  avia-builder-el-first  av-thin-font av-inherit-size'><h1 class='av-special-heading-tag'  itemprop=\"headline\"  >Capacit\u00e9s<br \/>op\u00e9rationnelles<strong>.<\/strong><\/h1><div class=\"special-heading-border\"><div class=\"special-heading-inner-border\"><\/div><\/div><\/div><br \/>\n<section  class='av_textblock_section av-1oq9og-9f92208e8eeedc1fa80142dcd64ea673 '   itemscope=\"itemscope\" itemtype=\"https:\/\/schema.org\/CreativeWork\" ><div class='avia_textblock'  itemprop=\"text\" ><p>Nous sommes une excellente \u00e9quipe de professionnels et de personnes exp\u00e9riment\u00e9es qui s\u2019acquittent de t\u00e2ches sp\u00e9cifiques lors d\u2019un \u00e9v\u00e9nement. Nous avons un grand r\u00e9seau de guides touristiques et de guides de voyage tr\u00e8s exp\u00e9riment\u00e9s qui ont collabor\u00e9 avec nous sur des projets ant\u00e9rieurs et qui comprennent exactement notre fa\u00e7on de travailler et ce que nous attendons d&rsquo;eux.<\/p>\n<\/div><\/section><\/p>\n<\/div><\/div>\n<\/div>\n<div id='av-layout-grid-3'  class='av-layout-grid-container av-2f0g6g-27e9c95c214200848388d062aa33f285 entry-content-wrapper alternate_color av-flex-cells  avia-builder-el-18  el_after_av_layout_row  avia-builder-el-last  grid-row-not-first  container_wrap sidebar_right'  >\n\n<style type=\"text\/css\" data-created_by=\"avia_inline_auto\" id=\"style-css-av-26d98w-f1836140f2a2066af675c8aaa901d257\">\n.flex_cell.av-26d98w-f1836140f2a2066af675c8aaa901d257{\nvertical-align:top;\nbackground-color:#3c3c3c;\n}\n.responsive #top #wrap_all .flex_cell.av-26d98w-f1836140f2a2066af675c8aaa901d257{\npadding:100px 100px 100px 100px !important;\n}\n<\/style>\n<div class='flex_cell av-26d98w-f1836140f2a2066af675c8aaa901d257 av-gridrow-cell av_one_half no_margin  avia-builder-el-19  el_before_av_cell_one_half  avia-builder-el-first  avia-full-stretch'  ><div class='flex_cell_inner'><p>\n<style type=\"text\/css\" data-created_by=\"avia_inline_auto\" id=\"style-css-av-jot42ipr-09237e3029fc548aff086f8f2c1ba901\">\n#top .av-special-heading.av-jot42ipr-09237e3029fc548aff086f8f2c1ba901{\npadding-bottom:20px;\nfont-size:50px;\n}\nbody .av-special-heading.av-jot42ipr-09237e3029fc548aff086f8f2c1ba901 .av-special-heading-tag .heading-char{\nfont-size:25px;\n}\n#top #wrap_all .av-special-heading.av-jot42ipr-09237e3029fc548aff086f8f2c1ba901 .av-special-heading-tag{\nfont-size:50px;\n}\n.av-special-heading.av-jot42ipr-09237e3029fc548aff086f8f2c1ba901 .av-subheading{\nfont-size:15px;\n}\n\n@media only screen and (min-width: 480px) and (max-width: 767px){ \n#top #wrap_all .av-special-heading.av-jot42ipr-09237e3029fc548aff086f8f2c1ba901 .av-special-heading-tag{\nfont-size:0.8em;\n}\n}\n\n@media only screen and (max-width: 479px){ \n#top #wrap_all .av-special-heading.av-jot42ipr-09237e3029fc548aff086f8f2c1ba901 .av-special-heading-tag{\nfont-size:0.8em;\n}\n}\n<\/style>\n<div  class='av-special-heading av-jot42ipr-09237e3029fc548aff086f8f2c1ba901 av-special-heading-h1 blockquote modern-quote  avia-builder-el-20  el_before_av_textblock  avia-builder-el-first  av-thin-font av-inherit-size'><h1 class='av-special-heading-tag'  itemprop=\"headline\"  >Expertise<br \/>Financi\u00e8re<strong>.<\/strong><\/h1><div class=\"special-heading-border\"><div class=\"special-heading-inner-border\"><\/div><\/div><\/div><br \/>\n<section  class='av_textblock_section av-1oq9og-9f92208e8eeedc1fa80142dcd64ea673 '   itemscope=\"itemscope\" itemtype=\"https:\/\/schema.org\/CreativeWork\" ><div class='avia_textblock'  itemprop=\"text\" ><p>Notre exp\u00e9rience dans le domaine financier rendent votre \u00e9v\u00e9nement beaucoup plus facile et clair. Toutes nos offres sont pr\u00e9sent\u00e9es par ligne, par article. Notre politique est de toujours tout parcourir avec vous avant un grand projet.<\/p>\n<\/div><\/section><\/p>\n<\/div><\/div>\n<style type=\"text\/css\" data-created_by=\"avia_inline_auto\" id=\"style-css-av-2294oo-6196c9470a91fb9b4f46e4b94115aee9\">\n.flex_cell.av-2294oo-6196c9470a91fb9b4f46e4b94115aee9{\nvertical-align:top;\nbackground-color:#000000;\n}\n.responsive #top #wrap_all .flex_cell.av-2294oo-6196c9470a91fb9b4f46e4b94115aee9{\npadding:100px 100px 100px 100px !important;\n}\n<\/style>\n<div class='flex_cell av-2294oo-6196c9470a91fb9b4f46e4b94115aee9 av-gridrow-cell av_one_half no_margin  avia-builder-el-22  el_after_av_cell_one_half  avia-builder-el-last '  ><div class='flex_cell_inner'><p>\n<style type=\"text\/css\" data-created_by=\"avia_inline_auto\" id=\"style-css-av-jot43kfl-edb6f34f3ffd103b39a29e029d29cc63\">\n#top .av-special-heading.av-jot43kfl-edb6f34f3ffd103b39a29e029d29cc63{\npadding-bottom:20px;\nfont-size:50px;\n}\nbody .av-special-heading.av-jot43kfl-edb6f34f3ffd103b39a29e029d29cc63 .av-special-heading-tag .heading-char{\nfont-size:25px;\n}\n#top #wrap_all .av-special-heading.av-jot43kfl-edb6f34f3ffd103b39a29e029d29cc63 .av-special-heading-tag{\nfont-size:50px;\n}\n.av-special-heading.av-jot43kfl-edb6f34f3ffd103b39a29e029d29cc63 .av-subheading{\nfont-size:15px;\n}\n\n@media only screen and (min-width: 480px) and (max-width: 767px){ \n#top #wrap_all .av-special-heading.av-jot43kfl-edb6f34f3ffd103b39a29e029d29cc63 .av-special-heading-tag{\nfont-size:0.8em;\n}\n}\n\n@media only screen and (max-width: 479px){ \n#top #wrap_all .av-special-heading.av-jot43kfl-edb6f34f3ffd103b39a29e029d29cc63 .av-special-heading-tag{\nfont-size:0.8em;\n}\n}\n<\/style>\n<div  class='av-special-heading av-jot43kfl-edb6f34f3ffd103b39a29e029d29cc63 av-special-heading-h1 blockquote modern-quote  avia-builder-el-23  el_before_av_textblock  avia-builder-el-first  av-thin-font av-inherit-size'><h1 class='av-special-heading-tag'  itemprop=\"headline\"  >Respect<br \/>et Appr\u00e9ciation <strong>.<\/strong><\/h1><div class=\"special-heading-border\"><div class=\"special-heading-inner-border\"><\/div><\/div><\/div><br \/>\n<section  class='av_textblock_section av-1oq9og-9f92208e8eeedc1fa80142dcd64ea673 '   itemscope=\"itemscope\" itemtype=\"https:\/\/schema.org\/CreativeWork\" ><div class='avia_textblock'  itemprop=\"text\" ><p>La philosophie de notre soci\u00e9t\u00e9 est de respecter toutes les personnes impliqu\u00e9es dans la r\u00e9ussite de l\u2019\u00e9v\u00e9nement. Les fournisseurs aiment donc collaborer avec nous \u00a0et appr\u00e9cient notre fa\u00e7on de travailler. C\u2019est la raison pour laquelle il nous est plus facile d\u2019organiser des surclassements, une chambre gratuite, un d\u00e9part tardif ou des salles de r\u00e9union sp\u00e9cifiques.<\/p>\n<\/div><\/section><\/p>\n<\/div><\/div>\n<\/div>\n","protected":false},"excerpt":{"rendered":"","protected":false},"author":1,"featured_media":0,"parent":0,"menu_order":0,"comment_status":"closed","ping_status":"closed","template":"","meta":{"footnotes":""},"_links":{"self":[{"href":"https:\/\/successevents.nl\/fr\/wp-json\/wp\/v2\/pages\/1186"}],"collection":[{"href":"https:\/\/successevents.nl\/fr\/wp-json\/wp\/v2\/pages"}],"about":[{"href":"https:\/\/successevents.nl\/fr\/wp-json\/wp\/v2\/types\/page"}],"author":[{"embeddable":true,"href":"https:\/\/successevents.nl\/fr\/wp-json\/wp\/v2\/users\/1"}],"replies":[{"embeddable":true,"href":"https:\/\/successevents.nl\/fr\/wp-json\/wp\/v2\/comments?post=1186"}],"version-history":[{"count":3,"href":"https:\/\/successevents.nl\/fr\/wp-json\/wp\/v2\/pages\/1186\/revisions"}],"predecessor-version":[{"id":1637,"href":"https:\/\/successevents.nl\/fr\/wp-json\/wp\/v2\/pages\/1186\/revisions\/1637"}],"wp:attachment":[{"href":"https:\/\/successevents.nl\/fr\/wp-json\/wp\/v2\/media?parent=1186"}],"curies":[{"name":"wp","href":"https:\/\/api.w.org\/{rel}","templated":true}]}}