{"id":1188,"date":"2018-11-13T22:40:43","date_gmt":"2018-11-13T22:40:43","guid":{"rendered":"http:\/\/successevents.nl\/success-destinations\/"},"modified":"2019-01-15T20:54:30","modified_gmt":"2019-01-15T19:54:30","slug":"success-destinations","status":"publish","type":"page","link":"https:\/\/successevents.nl\/fr\/success-destinations\/","title":{"rendered":"Success destinations"},"content":{"rendered":"<div id='av_section_1'  class='avia-section av-1grqtp-f68b5f646060204e6e0bc8d1046855da main_color avia-section-large avia-no-border-styling  avia-builder-el-0  el_before_av_masonry_entries  avia-builder-el-first  avia-bg-style-scroll container_wrap sidebar_right'  ><div class='container av-section-cont-open' ><main  role=\"main\" itemprop=\"mainContentOfPage\"  class='template-page content  av-content-small alpha units'><div class='post-entry post-entry-type-page post-entry-1188'><div class='entry-content-wrapper clearfix'>\n\n<style type=\"text\/css\" data-created_by=\"avia_inline_auto\" id=\"style-css-av-av_heading-78e287d462f41d516edb7a9dff98da29\">\n#top .av-special-heading.av-av_heading-78e287d462f41d516edb7a9dff98da29{\npadding-bottom:30px;\nfont-size:70px;\n}\nbody .av-special-heading.av-av_heading-78e287d462f41d516edb7a9dff98da29 .av-special-heading-tag .heading-char{\nfont-size:25px;\n}\n#top #wrap_all .av-special-heading.av-av_heading-78e287d462f41d516edb7a9dff98da29 .av-special-heading-tag{\nfont-size:70px;\n}\n.av-special-heading.av-av_heading-78e287d462f41d516edb7a9dff98da29 .av-subheading{\nfont-size:15px;\n}\n\n@media only screen and (min-width: 480px) and (max-width: 767px){ \n#top #wrap_all .av-special-heading.av-av_heading-78e287d462f41d516edb7a9dff98da29 .av-special-heading-tag{\nfont-size:0.8em;\n}\n}\n\n@media only screen and (max-width: 479px){ \n#top #wrap_all .av-special-heading.av-av_heading-78e287d462f41d516edb7a9dff98da29 .av-special-heading-tag{\nfont-size:0.8em;\n}\n}\n<\/style>\n<div  class='av-special-heading av-av_heading-78e287d462f41d516edb7a9dff98da29 av-special-heading-h1 blockquote modern-quote  avia-builder-el-1  el_before_av_one_full  avia-builder-el-first  av-thin-font av-inherit-size'><h1 class='av-special-heading-tag'  itemprop=\"headline\"  >Success destinations<strong>.<\/strong><\/h1><div class=\"special-heading-border\"><div class=\"special-heading-inner-border\"><\/div><\/div><\/div>\n\n<style type=\"text\/css\" data-created_by=\"avia_inline_auto\" id=\"style-css-av-12axlh-d7b3f059a19ba5c854cda2dda6374117\">\n.flex_column.av-12axlh-d7b3f059a19ba5c854cda2dda6374117{\nborder-radius:0px 0px 0px 0px;\npadding:0px 0px 0px 0px;\n}\n<\/style>\n<div  class='flex_column av-12axlh-d7b3f059a19ba5c854cda2dda6374117 av_one_full  avia-builder-el-2  el_after_av_heading  avia-builder-el-last  first flex_column_div av-zero-column-padding  '     ><section  class='av_textblock_section av-xi805-3bc8582cb7097f3bd99845c1fa558936 '   itemscope=\"itemscope\" itemtype=\"https:\/\/schema.org\/CreativeWork\" ><div class='avia_textblock'  itemprop=\"text\" ><h3><strong> Where would we like to take you in the Benelux? <\/strong><\/h3>\n<div id=\"ConnectiveDocSignExtentionInstalled\" data-extension-version=\"1.0.4\"><\/div>\n<div id=\"ConnectiveDocSignExtentionInstalled\" data-extension-version=\"1.0.4\"><\/div>\n<\/div><\/section><\/div>\n<style type=\"text\/css\" data-created_by=\"avia_inline_auto\" id=\"style-css-av-qswd-cb040d2565a89b48da02d88c1a4f825c\">\n#top .av-masonry.av-qswd-cb040d2565a89b48da02d88c1a4f825c{\nbackground-color:#191919;\n}\n<\/style>\n<div id='av-masonry-1' class='av-masonry av-qswd-cb040d2565a89b48da02d88c1a4f825c noHover av-fixed-size av-large-gap av-hover-overlay-active av-masonry-animation-active av-masonry-col-3 av-caption-on-hover av-caption-style-overlay av-masonry-entries ' data-post_id=\"1188\"><div class=\"av-masonry-container isotope av-js-disabled\"><div class='av-masonry-entry isotope-item av-masonry-item-no-image '><\/div><a href=\"https:\/\/successevents.nl\/fr\/portfolio-item\/pays-bas-amsterdam\/\"  id='av-masonry-1-item-1268' data-av-masonry-item='1268' class='av-masonry-entry isotope-item post-1268 portfolio type-portfolio status-publish has-post-thumbnail hentry portfolio_entries-classes-fr  av-masonry-item-with-image' title=\"amsterdam-988047_1920\"   itemscope=\"itemscope\" itemtype=\"https:\/\/schema.org\/CreativeWork\" ><div class='av-inner-masonry-sizer'><\/div><figure class='av-inner-masonry main_color'><div class=\"av-masonry-outerimage-container\"><div class='av-masonry-image-container' style=\"background-image: url(https:\/\/successevents.nl\/wp-content\/uploads\/2016\/05\/amsterdam-988047_1920-705x474.jpg);\"  title=\"amsterdam-988047_1920\"  ><\/div><\/div><figcaption class='av-inner-masonry-content site-background'><div class='av-inner-masonry-content-pos'><div class='av-inner-masonry-content-pos-content'><div class='avia-arrow'><\/div><h3 class='av-masonry-entry-title entry-title '  itemprop=\"headline\" >Pays-Bas &#8211; Amsterdam<\/h3><div class='av-masonry-entry-content entry-content'  itemprop=\"text\" >capital \u2013 world city \u2013 diversity \u2013 freedom \u2013 original \u2013 innovating \u2013 trendsetter \u2013 canals and 800 bridges \u2013 de port \u2013 many monuments \u2013 75 museums \u2013 Rembrandt \u2013 Van Gogh \u2013 881.000 bikes \u2013 houseboats \u2013 theaters \u2013 concert halls - De Wallen \u2013 Heineken \u2013 Bols - Rijksmuseum \u2013 flowermarket \u2013 trams \u2013 de dam \u2013 Anne Frank Huis \u2013 Beguinages \u2013 markets \u2013 parks \u2013 Amsterdam Arena - Ajax<\/div><\/div><\/div><\/figcaption><\/figure><\/a><!--end av-masonry entry--><a href=\"https:\/\/successevents.nl\/fr\/portfolio-item\/pays-bas-de-zaanse-schans\/\"  id='av-masonry-1-item-1264' data-av-masonry-item='1264' class='av-masonry-entry isotope-item post-1264 portfolio type-portfolio status-publish has-post-thumbnail hentry portfolio_entries-classes-fr  av-masonry-item-with-image' title=\"mill-3165704_1280\"   itemscope=\"itemscope\" itemtype=\"https:\/\/schema.org\/CreativeWork\" ><div class='av-inner-masonry-sizer'><\/div><figure class='av-inner-masonry main_color'><div class=\"av-masonry-outerimage-container\"><div class='av-masonry-image-container' style=\"background-image: url(https:\/\/successevents.nl\/wp-content\/uploads\/2018\/10\/mill-3165704_1280-705x469.jpg);\"  title=\"mill-3165704_1280\"  ><\/div><\/div><figcaption class='av-inner-masonry-content site-background'><div class='av-inner-masonry-content-pos'><div class='av-inner-masonry-content-pos-content'><div class='avia-arrow'><\/div><h3 class='av-masonry-entry-title entry-title '  itemprop=\"headline\" >Pays-Bas &#8211; De Zaanse Schans<\/h3><div class='av-masonry-entry-content entry-content'  itemprop=\"text\" >juste au-dessus d'Amsterdam - moulins \u00e0 vent en bois - granges - maisons - mus\u00e9es - sabots - fromagers - fabrique de Verkade - mus\u00e9e Albert Heijn<\/div><\/div><\/div><\/figcaption><\/figure><\/a><!--end av-masonry entry--><a href=\"https:\/\/successevents.nl\/fr\/portfolio-item\/pays-bas-keukenhof\/\"  id='av-masonry-1-item-1258' data-av-masonry-item='1258' class='av-masonry-entry isotope-item post-1258 portfolio type-portfolio status-publish has-post-thumbnail hentry portfolio_entries-classes-fr  av-masonry-item-with-image' title=\"DSC03328\"   itemscope=\"itemscope\" itemtype=\"https:\/\/schema.org\/CreativeWork\" ><div class='av-inner-masonry-sizer'><\/div><figure class='av-inner-masonry main_color'><div class=\"av-masonry-outerimage-container\"><div class='av-masonry-image-container' style=\"background-image: url(https:\/\/successevents.nl\/wp-content\/uploads\/2018\/10\/DSC03328-705x469.jpg);\"  title=\"DSC03328\"  ><\/div><\/div><figcaption class='av-inner-masonry-content site-background'><div class='av-inner-masonry-content-pos'><div class='av-inner-masonry-content-pos-content'><div class='avia-arrow'><\/div><h3 class='av-masonry-entry-title entry-title '  itemprop=\"headline\" >Pays-Bas &#8211; Keukenhof<\/h3><div class='av-masonry-entry-content entry-content'  itemprop=\"text\" >Une demi-heure d\u2019Amsterdam et de La Haye - vitrine internationale et ind\u00e9pendante de la floriculture et de l\u2019horticulture aux Pays-Bas et plus particuli\u00e8rement des bulbes \u00e0 fleurs - le parc - ouvert 8 semaines par an - existe depuis d\u00e9j\u00e0 69 ans.<\/div><\/div><\/div><\/figcaption><\/figure><\/a><!--end av-masonry entry--><a href=\"https:\/\/successevents.nl\/fr\/portfolio-item\/pays-bas-la-haye\/\"  id='av-masonry-1-item-1252' data-av-masonry-item='1252' class='av-masonry-entry isotope-item post-1252 portfolio type-portfolio status-publish has-post-thumbnail hentry portfolio_entries-classes-fr  av-masonry-item-with-image' title=\"the-hague-2036303_1920\"   itemscope=\"itemscope\" itemtype=\"https:\/\/schema.org\/CreativeWork\" ><div class='av-inner-masonry-sizer'><\/div><figure class='av-inner-masonry main_color'><div class=\"av-masonry-outerimage-container\"><div class='av-masonry-image-container' style=\"background-image: url(https:\/\/successevents.nl\/wp-content\/uploads\/2018\/10\/the-hague-2036303_1920-705x470.jpg);\"  title=\"the-hague-2036303_1920\"  ><\/div><\/div><figcaption class='av-inner-masonry-content site-background'><div class='av-inner-masonry-content-pos'><div class='av-inner-masonry-content-pos-content'><div class='avia-arrow'><\/div><h3 class='av-masonry-entry-title entry-title '  itemprop=\"headline\" >Pays-Bas &#8211; La Haye<\/h3><div class='av-masonry-entry-content entry-content'  itemprop=\"text\" >ville diplomatique - derri\u00e8re les dunes - \u00e0 c\u00f4t\u00e9 de Scheveningen - chic - majestueuse - verdure - parcs - confortable - monuments - quartiers historiques - le Koningshuis - Mauritshuis - les \u00e9curies royales - stand Poffertjes - rijsttafel indon\u00e9sien - le port - Beach Clubs - Binnenhof - Ridderzaal - Palais de la Paix - mange des harengs - Madurodam \u2013\u2013 Haagse hopjes - Panorama Mesdag - Antiquit\u00e9s & march\u00e9 aux ench\u00e8res - Escher au Palais<\/div><\/div><\/div><\/figcaption><\/figure><\/a><!--end av-masonry entry--><a href=\"https:\/\/successevents.nl\/fr\/portfolio-item\/pays-bas-delft\/\"  id='av-masonry-1-item-1248' data-av-masonry-item='1248' class='av-masonry-entry isotope-item post-1248 portfolio type-portfolio status-publish has-post-thumbnail hentry portfolio_entries-classes-fr  av-masonry-item-with-image' title=\"Delft porcelein\"   itemscope=\"itemscope\" itemtype=\"https:\/\/schema.org\/CreativeWork\" ><div class='av-inner-masonry-sizer'><\/div><figure class='av-inner-masonry main_color'><div class=\"av-masonry-outerimage-container\"><div class='av-masonry-image-container' style=\"background-image: url(https:\/\/successevents.nl\/wp-content\/uploads\/2018\/10\/Delft-porcelein-705x470.jpg);\"  title=\"Delft porcelein\"  ><\/div><\/div><figcaption class='av-inner-masonry-content site-background'><div class='av-inner-masonry-content-pos'><div class='av-inner-masonry-content-pos-content'><div class='avia-arrow'><\/div><h3 class='av-masonry-entry-title entry-title '  itemprop=\"headline\" >Pays-Bas  &#8211; Delft<\/h3><div class='av-masonry-entry-content entry-content'  itemprop=\"text\" >15 minutes de La Haye - Johannes Vermeer - Porcelaine Delfts Blauw - De Nieuwe Kerk - Famille royale - Prinsenhof - H\u00f4tel de ville - Centre scientifique TU Delft - canaux - \u00e9glises - maisons de canal - cours - bruincaf\u00e9s - croisi\u00e8res sur les canaux<\/div><\/div><\/div><\/figcaption><\/figure><\/a><!--end av-masonry entry--><a href=\"https:\/\/successevents.nl\/fr\/portfolio-item\/pays-bas-noordwijk\/\"  id='av-masonry-1-item-1244' data-av-masonry-item='1244' class='av-masonry-entry isotope-item post-1244 portfolio type-portfolio status-publish has-post-thumbnail hentry portfolio_entries-classes-fr  av-masonry-item-with-image' title=\"sun-1532399_1280\"   itemscope=\"itemscope\" itemtype=\"https:\/\/schema.org\/CreativeWork\" ><div class='av-inner-masonry-sizer'><\/div><figure class='av-inner-masonry main_color'><div class=\"av-masonry-outerimage-container\"><div class='av-masonry-image-container' style=\"background-image: url(https:\/\/successevents.nl\/wp-content\/uploads\/2018\/10\/sun-1532399_1280-705x468.jpg);\"  title=\"sun-1532399_1280\"  ><\/div><\/div><figcaption class='av-inner-masonry-content site-background'><div class='av-inner-masonry-content-pos'><div class='av-inner-masonry-content-pos-content'><div class='avia-arrow'><\/div><h3 class='av-masonry-entry-title entry-title '  itemprop=\"headline\" >Pays-Bas &#8211; Noordwijk<\/h3><div class='av-masonry-entry-content entry-content'  itemprop=\"text\" >plage \/ mer \/ c\u00f4te - \u00e0 une demi-heure d'Amsterdam, Haarlem ou La Haye - hautes dunes - vastes for\u00eats - nature pr\u00e9serv\u00e9e - 13 km de plages de sable fin - v\u00e9lo - marche - kitesurf - activit\u00e9s \u00e0 la plage - Le Bollenstreek - Space Expo Center - Keukenhof - Lauwman Mus\u00e9e de l'Automobile - Bird Park Avifauna<\/div><\/div><\/div><\/figcaption><\/figure><\/a><!--end av-masonry entry--><a href=\"https:\/\/successevents.nl\/fr\/portfolio-item\/pays-bas-rotterdam\/\"  id='av-masonry-1-item-1240' data-av-masonry-item='1240' class='av-masonry-entry isotope-item post-1240 portfolio type-portfolio status-publish has-post-thumbnail hentry portfolio_entries-classes-fr  av-masonry-item-with-image' title=\"blue-1688578_1920\"   itemscope=\"itemscope\" itemtype=\"https:\/\/schema.org\/CreativeWork\" ><div class='av-inner-masonry-sizer'><\/div><figure class='av-inner-masonry main_color'><div class=\"av-masonry-outerimage-container\"><div class='av-masonry-image-container' style=\"background-image: url(https:\/\/successevents.nl\/wp-content\/uploads\/2018\/10\/blue-1688578_1920-705x470.jpg);\"  title=\"blue-1688578_1920\"  ><\/div><\/div><figcaption class='av-inner-masonry-content site-background'><div class='av-inner-masonry-content-pos'><div class='av-inner-masonry-content-pos-content'><div class='avia-arrow'><\/div><h3 class='av-masonry-entry-title entry-title '  itemprop=\"headline\" >Pays-Bas &#8211; Rotterdam<\/h3><div class='av-masonry-entry-content entry-content'  itemprop=\"text\" >jeune - dynamique - cr\u00e9atif - tendances - architecture moderne - design - divers - le plus grand port d'Europe - le mus\u00e9e maritime - le port-croisi\u00e8re - Euromast - march\u00e9 couvert - pont Erasmus - Beurstraverse shopping - d\u00e9couvrez le kubuswoning - stade Feijenoord - le zoo de Rotterdam - Boijmans mus\u00e9e van Beuningen<\/div><\/div><\/div><\/figcaption><\/figure><\/a><!--end av-masonry entry--><a href=\"https:\/\/successevents.nl\/fr\/portfolio-item\/belgique-bruxelles\/\"  id='av-masonry-1-item-1234' data-av-masonry-item='1234' class='av-masonry-entry isotope-item post-1234 portfolio type-portfolio status-publish has-post-thumbnail hentry portfolio_entries-classes-fr  av-masonry-item-with-image' title=\"belgium-3590638_1920\"   itemscope=\"itemscope\" itemtype=\"https:\/\/schema.org\/CreativeWork\" ><div class='av-inner-masonry-sizer'><\/div><figure class='av-inner-masonry main_color'><div class=\"av-masonry-outerimage-container\"><div class='av-masonry-image-container' style=\"background-image: url(https:\/\/successevents.nl\/wp-content\/uploads\/2016\/05\/belgium-3590638_1920-705x470.jpg);\"  title=\"belgium-3590638_1920\"  ><\/div><\/div><figcaption class='av-inner-masonry-content site-background'><div class='av-inner-masonry-content-pos'><div class='av-inner-masonry-content-pos-content'><div class='avia-arrow'><\/div><h3 class='av-masonry-entry-title entry-title '  itemprop=\"headline\" >Belgique &#8211; Bruxelles<\/h3><div class='av-masonry-entry-content entry-content'  itemprop=\"text\" >capitale de l'Europe - multiculturel - diversit\u00e9 - la plus belle place du march\u00e9 du monde - Manneke Pis - Atomium - BI\u00c8RE - Magritte - Jacques Brel - gaufres - Union europ\u00e9enne - Schtroumpfs - Art Nouveau - dessinateurs - parcs - vert - moules - Saint Hubertus brocante - march\u00e9 aux puces - Marollen \u2013Toots Tielemans - Festival - Delvaux<\/div><\/div><\/div><\/figcaption><\/figure><\/a><!--end av-masonry entry--><a href=\"https:\/\/successevents.nl\/fr\/portfolio-item\/belgique-anvers\/\"  id='av-masonry-1-item-1228' data-av-masonry-item='1228' class='av-masonry-entry isotope-item post-1228 portfolio type-portfolio status-publish has-post-thumbnail hentry portfolio_entries-classes-fr  av-masonry-item-with-image' title=\"belgium-1748930_1920\"   itemscope=\"itemscope\" itemtype=\"https:\/\/schema.org\/CreativeWork\" ><div class='av-inner-masonry-sizer'><\/div><figure class='av-inner-masonry main_color'><div class=\"av-masonry-outerimage-container\"><div class='av-masonry-image-container' style=\"background-image: url(https:\/\/successevents.nl\/wp-content\/uploads\/2016\/05\/belgium-1748930_1920-705x470.jpg);\"  title=\"belgium-1748930_1920\"  ><\/div><\/div><figcaption class='av-inner-masonry-content site-background'><div class='av-inner-masonry-content-pos'><div class='av-inner-masonry-content-pos-content'><div class='avia-arrow'><\/div><h3 class='av-masonry-entry-title entry-title '  itemprop=\"headline\" >Belgique &#8211; Anvers<\/h3><div class='av-masonry-entry-content entry-content'  itemprop=\"text\" >'t Stad aan de Schelde - personnage puissant et cool - \u00e0 la mode - \u00e0 la mode - Rubenshuis - un port anim\u00e9 - m\u00e9lange d'architecture moderne et historique - Groen Markt - diamants - vogeltjesmarkt - cr\u00e9ateurs de mode - Zoo d'Anvers - Frites flamandes - MAS Museum - sportpaleis - 't eilandje - Festivals de musique - Mus\u00e9e Red Star Line - La Kloosterstraat - MoMu - Galeries d'art - Bars sympas & restaurants - Anna Beach - Jazz Middelheim - Spectacles de th\u00e9\u00e2tre<\/div><\/div><\/div><\/figcaption><\/figure><\/a><!--end av-masonry entry--><a href=\"https:\/\/successevents.nl\/fr\/portfolio-item\/belgique-gand\/\"  id='av-masonry-1-item-1222' data-av-masonry-item='1222' class='av-masonry-entry isotope-item post-1222 portfolio type-portfolio status-publish has-post-thumbnail hentry portfolio_entries-classes-fr  av-masonry-item-with-image' title=\"ghent-2428748_1920\"   itemscope=\"itemscope\" itemtype=\"https:\/\/schema.org\/CreativeWork\" ><div class='av-inner-masonry-sizer'><\/div><figure class='av-inner-masonry main_color'><div class=\"av-masonry-outerimage-container\"><div class='av-masonry-image-container' style=\"background-image: url(https:\/\/successevents.nl\/wp-content\/uploads\/2018\/10\/ghent-2428748_1920-705x447.jpg);\"  title=\"ghent-2428748_1920\"  ><\/div><\/div><figcaption class='av-inner-masonry-content site-background'><div class='av-inner-masonry-content-pos'><div class='av-inner-masonry-content-pos-content'><div class='avia-arrow'><\/div><h3 class='av-masonry-entry-title entry-title '  itemprop=\"headline\" >Belgique &#8211; Gand<\/h3><div class='av-masonry-entry-content entry-content'  itemprop=\"text\" >historique - contemporain - tendance - solidaire - vie citadine moderne - ambiance jeune - cit\u00e9 universitaire - anim\u00e9 - anim\u00e9 - sympathique - accueillant - cath\u00e9drale Sint Baafs avec Lams Dieu des fr\u00e8res Van Eyck - la Gentse feesten - spectacles magiques de lumi\u00e8re - brasseries - capitale v\u00e9g\u00e9tarienne de la v\u00e9g\u00e9tation - Ch\u00e2teau de Gravensteen - Gastronomie rock'n roll - Vibrant 24h \/ 24 - Centre sans voitures - V\u00e9los - Croisi\u00e8re sur la Lys - Le Beffroi<\/div><\/div><\/div><\/figcaption><\/figure><\/a><!--end av-masonry entry--><a href=\"https:\/\/successevents.nl\/fr\/portfolio-item\/belgique-bruges\/\"  id='av-masonry-1-item-1216' data-av-masonry-item='1216' class='av-masonry-entry isotope-item post-1216 portfolio type-portfolio status-publish has-post-thumbnail hentry portfolio_entries-classes-fr  av-masonry-item-with-image' title=\"belgian-2115765_1920\"   itemscope=\"itemscope\" itemtype=\"https:\/\/schema.org\/CreativeWork\" ><div class='av-inner-masonry-sizer'><\/div><figure class='av-inner-masonry main_color'><div class=\"av-masonry-outerimage-container\"><div class='av-masonry-image-container' style=\"background-image: url(https:\/\/successevents.nl\/wp-content\/uploads\/2018\/10\/belgian-2115765_1920-705x470.jpg);\"  title=\"belgian-2115765_1920\"  ><\/div><\/div><figcaption class='av-inner-masonry-content site-background'><div class='av-inner-masonry-content-pos'><div class='av-inner-masonry-content-pos-content'><div class='avia-arrow'><\/div><h3 class='av-masonry-entry-title entry-title '  itemprop=\"headline\" >Belgique &#8211; Bruges<\/h3><div class='av-masonry-entry-content entry-content'  itemprop=\"text\" >Venise du Nord - Patrimoine de l'Unesco - Unique - M\u00e9di\u00e9vale et quelque chose du XVIe si\u00e8cle - Maison \u00e0 fa\u00e7ades en escalier - Grote Markt - Pieter Breugel - B\u00e9guinage princier - Croisi\u00e8re sur le Reien de Bruges - Bi\u00e8re de l'Abbaye - Tour du Beffroi - Enfilage de dentelles - Fromages - Reien et Minnewater - Primitifs flamands - Portes de la ville - Moulins - Mus\u00e9e de la dentelle - Excursions en cal\u00e8che - Exposition Salvador Dali - Moules avec des frites - Mus\u00e9e du chocolat - Presque totalement sans voiture<\/div><\/div><\/div><\/figcaption><\/figure><\/a><!--end av-masonry entry--><a href=\"https:\/\/successevents.nl\/fr\/portfolio-item\/pays-bas-limbourg\/\"  id='av-masonry-1-item-1212' data-av-masonry-item='1212' class='av-masonry-entry isotope-item post-1212 portfolio type-portfolio status-publish has-post-thumbnail hentry portfolio_entries-classes-fr  av-masonry-item-with-image' title=\"limburg-3746079_1280\"   itemscope=\"itemscope\" itemtype=\"https:\/\/schema.org\/CreativeWork\" ><div class='av-inner-masonry-sizer'><\/div><figure class='av-inner-masonry main_color'><div class=\"av-masonry-outerimage-container\"><div class='av-masonry-image-container' style=\"background-image: url(https:\/\/successevents.nl\/wp-content\/uploads\/2018\/10\/limburg-3746079_1280-705x454.jpg);\"  title=\"limburg-3746079_1280\"  ><\/div><\/div><figcaption class='av-inner-masonry-content site-background'><div class='av-inner-masonry-content-pos'><div class='av-inner-masonry-content-pos-content'><div class='avia-arrow'><\/div><h3 class='av-masonry-entry-title entry-title '  itemprop=\"headline\" >Pays-Bas &#8211; Limbourg<\/h3><div class='av-masonry-entry-content entry-content'  itemprop=\"text\" >collines bourguignonnes - bourguignonnes - accueillantes - sportives - point de rencontre de trois pays - Maastricht - d\u00e9cors raffin\u00e9s - \u00e9glises - marnes et grottes - Valkenburg - grandes places - aventures souterraines - loisirs dans ou sur l'eau - survie, v\u00e9lo et randonn\u00e9es - golf - jeux int\u00e9rieurs et ext\u00e9rieurs - \u00e9quitation - montgolfi\u00e8re - grands vignobles - Vlaai en Limbourg - ch\u00e2teaux - monast\u00e8res - parc national Hoge Kempen - histoire de la mine - brasseries - festivals de musique - Hasselt - Maasmechelen Shopping Village<\/div><\/div><\/div><\/figcaption><\/figure><\/a><!--end av-masonry entry--><a href=\"https:\/\/successevents.nl\/fr\/portfolio-item\/luxembourg\/\"  id='av-masonry-1-item-1208' data-av-masonry-item='1208' class='av-masonry-entry isotope-item post-1208 portfolio type-portfolio status-publish has-post-thumbnail hentry portfolio_entries-classes-fr  av-masonry-item-with-image' title=\"luxembourg-1164656_1280\"   itemscope=\"itemscope\" itemtype=\"https:\/\/schema.org\/CreativeWork\" ><div class='av-inner-masonry-sizer'><\/div><figure class='av-inner-masonry main_color'><div class=\"av-masonry-outerimage-container\"><div class='av-masonry-image-container' style=\"background-image: url(https:\/\/successevents.nl\/wp-content\/uploads\/2018\/10\/luxembourg-1164656_1280-705x397.jpg);\"  title=\"luxembourg-1164656_1280\"  ><\/div><\/div><figcaption class='av-inner-masonry-content site-background'><div class='av-inner-masonry-content-pos'><div class='av-inner-masonry-content-pos-content'><div class='avia-arrow'><\/div><h3 class='av-masonry-entry-title entry-title '  itemprop=\"headline\" >Luxembourg<\/h3><div class='av-masonry-entry-content entry-content'  itemprop=\"text\" >un Belge - Grand-Duch\u00e9 - fortifications de villes - architecture m\u00e9di\u00e9vale, classique et moderne - vall\u00e9es verdoyantes - Robert Schumann - Ardenne et parcs naturels - nature - Mullerthal - Clervaux rent-a-city - Moselland - Durbuy la procession d'Echternach - Institutions europ\u00e9ennes - Banque europ\u00e9enne d'investissement - Golf - For\u00eat - Place d'Armes<\/div><\/div><\/div><\/figcaption><\/figure><\/a><!--end av-masonry entry--><\/div><\/div><\/p>\n","protected":false},"excerpt":{"rendered":"","protected":false},"author":1,"featured_media":0,"parent":0,"menu_order":0,"comment_status":"closed","ping_status":"closed","template":"","meta":{"footnotes":""},"_links":{"self":[{"href":"https:\/\/successevents.nl\/fr\/wp-json\/wp\/v2\/pages\/1188"}],"collection":[{"href":"https:\/\/successevents.nl\/fr\/wp-json\/wp\/v2\/pages"}],"about":[{"href":"https:\/\/successevents.nl\/fr\/wp-json\/wp\/v2\/types\/page"}],"author":[{"embeddable":true,"href":"https:\/\/successevents.nl\/fr\/wp-json\/wp\/v2\/users\/1"}],"replies":[{"embeddable":true,"href":"https:\/\/successevents.nl\/fr\/wp-json\/wp\/v2\/comments?post=1188"}],"version-history":[{"count":2,"href":"https:\/\/successevents.nl\/fr\/wp-json\/wp\/v2\/pages\/1188\/revisions"}],"predecessor-version":[{"id":1644,"href":"https:\/\/successevents.nl\/fr\/wp-json\/wp\/v2\/pages\/1188\/revisions\/1644"}],"wp:attachment":[{"href":"https:\/\/successevents.nl\/fr\/wp-json\/wp\/v2\/media?parent=1188"}],"curies":[{"name":"wp","href":"https:\/\/api.w.org\/{rel}","templated":true}]}}